{"id":685,"date":"2022-11-18T23:03:22","date_gmt":"2022-11-19T02:03:22","guid":{"rendered":"https:\/\/securitybsides.com.br\/2022\/?page_id=685"},"modified":"2022-11-19T08:39:26","modified_gmt":"2022-11-19T11:39:26","slug":"ctf","status":"publish","type":"page","link":"https:\/\/securitybsides.com.br\/2022\/ctf\/","title":{"rendered":"CTF"},"content":{"rendered":"\n<p>Este ano o nosso tradicional CTF ser\u00e1 organizado pelo Hackaflag. <br>Abaixo segue algumas orienta\u00e7\u00f5es para quem queira participar.<\/p>\n\n\n\n<p>1. Entre no site e se cadastre na plataforma: <a rel=\"noreferrer noopener\" href=\"https:\/\/hackaflag.com.br\/\" target=\"_blank\"><strong>https:\/\/hackaflag.com.br\/<\/strong><\/a> &#8211; <strong>ATEN\u00c7\u00c3O a participa\u00e7\u00e3o \u00e9 individual, N\u00c3O \u00e9 permitido a participa\u00e7\u00e3o em times\/grupos<\/strong><br>2. No dia <strong>20\/11\/2022 (Domingo)<\/strong>, fa\u00e7a log-in e clique em <strong>&#8220;HF CTF&#8221;<\/strong>.<br>3. Em <strong>&#8220;Torneios&#8221;<\/strong>, clique no evento <strong>&#8220;HFBSSP22&#8221;<\/strong> e se inscreva. N\u00e3o vai se confundir, ein!<\/p>\n\n\n\n<p>O espa\u00e7o reservado para os participantes ser\u00e1 na <strong>sala 214 (primeiro andar)<\/strong><\/p>\n\n\n\n<p><strong>Premios:<\/strong><br>&#8211; Hak5 Wifi Pineapple para os 2 (dois) primeiros colocados (Apoio Forcepoint)<br>&#8211; 1 (um) Livro da Novatec (escolhido pela organiza\u00e7\u00e3o) para os 3 (tres) primeiros colocados (Apoio Novatec)<\/p>\n\n\n\n<p><strong>Organiza\u00e7\u00e3o:<\/strong><br><\/p>\n\n\n\n<figure class=\"wp-block-image size-full\"><a href=\"https:\/\/www.hackaflag.com.br\/\" target=\"_blank\" rel=\"noreferrer noopener\"><img decoding=\"async\" width=\"338\" height=\"100\" src=\"https:\/\/securitybsides.com.br\/2022\/wp-content\/uploads\/2022\/11\/logo-red-1.gif\" alt=\"\" class=\"wp-image-690\"\/><\/a><\/figure>\n\n\n\n<hr class=\"wp-block-separator has-alpha-channel-opacity\"\/>\n\n\n\n<p><strong>Apoio:<\/strong><\/p>\n\n\n\n<figure class=\"wp-block-image size-full\"><a href=\"https:\/\/www.forcepoint.com\/\" target=\"_blank\" rel=\"noreferrer noopener\"><img decoding=\"async\" width=\"250\" height=\"67\" src=\"https:\/\/securitybsides.com.br\/2022\/wp-content\/uploads\/2022\/11\/forcepoint.png\" alt=\"\" class=\"wp-image-579\"\/><\/a><\/figure>\n\n\n\n<p><\/p>\n\n\n\n<figure class=\"wp-block-image size-full\"><a href=\"https:\/\/www.novatec.com.br\/\" target=\"_blank\" rel=\"noreferrer noopener\"><img decoding=\"async\" width=\"150\" height=\"51\" src=\"https:\/\/securitybsides.com.br\/2022\/wp-content\/uploads\/2022\/11\/logo_novatec.gif\" alt=\"\" class=\"wp-image-584\"\/><\/a><\/figure>\n","protected":false},"excerpt":{"rendered":"<p>Este ano o nosso tradicional CTF ser\u00e1 organizado pelo Hackaflag. Abaixo segue algumas orienta\u00e7\u00f5es para quem queira participar. 1. Entre no site e se cadastre na plataforma: https:\/\/hackaflag.com.br\/ &#8211; ATEN\u00c7\u00c3O a participa\u00e7\u00e3o \u00e9 individual, N\u00c3O \u00e9 permitido a participa\u00e7\u00e3o em times\/grupos2. No dia 20\/11\/2022 (Domingo), fa\u00e7a log-in e clique em &#8220;HF CTF&#8221;.3. Em &#8220;Torneios&#8221;, clique&hellip;&nbsp;<a href=\"https:\/\/securitybsides.com.br\/2022\/ctf\/\" class=\"\" rel=\"bookmark\">Continue a ler &raquo;<span class=\"screen-reader-text\">CTF<\/span><\/a><\/p>\n","protected":false},"author":1,"featured_media":0,"parent":0,"menu_order":0,"comment_status":"closed","ping_status":"closed","template":"","meta":{"neve_meta_sidebar":"","neve_meta_container":"","neve_meta_enable_content_width":"","neve_meta_content_width":0,"neve_meta_title_alignment":"","neve_meta_author_avatar":"","neve_post_elements_order":"","neve_meta_disable_header":"","neve_meta_disable_footer":"","neve_meta_disable_title":"","footnotes":""},"class_list":["post-685","page","type-page","status-publish","hentry"],"_links":{"self":[{"href":"https:\/\/securitybsides.com.br\/2022\/wp-json\/wp\/v2\/pages\/685","targetHints":{"allow":["GET"]}}],"collection":[{"href":"https:\/\/securitybsides.com.br\/2022\/wp-json\/wp\/v2\/pages"}],"about":[{"href":"https:\/\/securitybsides.com.br\/2022\/wp-json\/wp\/v2\/types\/page"}],"author":[{"embeddable":true,"href":"https:\/\/securitybsides.com.br\/2022\/wp-json\/wp\/v2\/users\/1"}],"replies":[{"embeddable":true,"href":"https:\/\/securitybsides.com.br\/2022\/wp-json\/wp\/v2\/comments?post=685"}],"version-history":[{"count":12,"href":"https:\/\/securitybsides.com.br\/2022\/wp-json\/wp\/v2\/pages\/685\/revisions"}],"predecessor-version":[{"id":708,"href":"https:\/\/securitybsides.com.br\/2022\/wp-json\/wp\/v2\/pages\/685\/revisions\/708"}],"wp:attachment":[{"href":"https:\/\/securitybsides.com.br\/2022\/wp-json\/wp\/v2\/media?parent=685"}],"curies":[{"name":"wp","href":"https:\/\/api.w.org\/{rel}","templated":true}]}}