{"id":23,"date":"2022-10-08T23:55:08","date_gmt":"2022-10-09T02:55:08","guid":{"rendered":"https:\/\/securitybsides.com.br\/2022\/?page_id=23"},"modified":"2023-05-07T19:05:18","modified_gmt":"2023-05-07T22:05:18","slug":"cfp","status":"publish","type":"page","link":"https:\/\/securitybsides.com.br\/2023\/cfp\/","title":{"rendered":"CFP"},"content":{"rendered":"\n<p>Nesta edi\u00e7\u00e3o teremos diversas trilhas com palestras de at\u00e9 40min, mini treinamentos de at\u00e9 4 horas, al\u00e9m dos espa\u00e7os para Lightning Talks (10 minutos cada, com tema livre), espa\u00e7o para atividades da BSides 4 Kids e demais Villages (Forense Computacional, Lockpicking, BioHacking e OSINT)<\/p>\n\n\n\n<p>Sobre cada atividade:<\/p>\n\n\n\n<ul class=\"wp-block-list\">\n<li>Palestras: cobrindo temas relacionados ao evento, devem ter dura\u00e7\u00e3o de 40 minutos<\/li>\n\n\n\n<li>Oficinas: t\u00eam um enfoque mais hands-on, com demonstra\u00e7\u00e3o de ferramentas e pr\u00e1ticas. Tem dura\u00e7\u00e3o de 1h30.<\/li>\n\n\n\n<li>Palestras Rel\u00e2mpago (Lightning Talks): mini-palestras com dura\u00e7\u00e3o m\u00e1xima de 10 minutos<\/li>\n\n\n\n<li>BSides 4 Kids: Atividades \u201cgeek\u201d voltadas para crian\u00e7as. Ter\u00e1 dura\u00e7\u00e3o total de 1h30<\/li>\n\n\n\n<li>Villages: Atividades e\/ou palestra relacionadas ao tema de cada Village<\/li>\n\n\n\n<li>Mini treinamentos: Atividades realizadas no dia 27 de maio com dura\u00e7\u00e3o m\u00e1xima de 4 horas<\/li>\n<\/ul>\n\n\n\n<div class=\"wp-block-buttons is-layout-flex wp-block-buttons-is-layout-flex\">\n<div class=\"wp-block-button\"><a class=\"wp-block-button__link wp-element-button\" href=\"https:\/\/www.papercall.io\/bsides-v18\" target=\"_blank\" rel=\"noreferrer noopener\">Submeter proposta<\/a><\/div>\n<\/div>\n\n\n\n<p><\/p>\n\n\n\n<p><strong>Datas importantes:<\/strong><\/p>\n\n\n\n<p><strong>Data final para submiss\u00e3o de sugest\u00f5es:<\/strong> 5 de Junho de 2023 <br><strong>Notifica\u00e7\u00e3o aos autores selecionados:<\/strong> at\u00e9 11 de Junho de 2023 <br><strong>Divulga\u00e7\u00e3o da Agenda:<\/strong> 12 de Junho de 2023 <br><strong>BSides SP Edi\u00e7\u00e3o v18: 25 de Junho de 2023<\/strong><\/p>\n","protected":false},"excerpt":{"rendered":"<p>Nesta edi\u00e7\u00e3o teremos diversas trilhas com palestras de at\u00e9 40min, mini treinamentos de at\u00e9 4 horas, al\u00e9m dos espa\u00e7os para Lightning Talks (10 minutos cada, com tema livre), espa\u00e7o para atividades da BSides 4 Kids e demais Villages (Forense Computacional, Lockpicking, BioHacking e OSINT) Sobre cada atividade: Datas importantes: Data final para submiss\u00e3o de sugest\u00f5es:&hellip;&nbsp;<a href=\"https:\/\/securitybsides.com.br\/2023\/cfp\/\" rel=\"bookmark\">Continue a ler &raquo;<span class=\"screen-reader-text\">CFP<\/span><\/a><\/p>\n","protected":false},"author":1,"featured_media":0,"parent":0,"menu_order":0,"comment_status":"closed","ping_status":"closed","template":"","meta":{"neve_meta_sidebar":"","neve_meta_container":"","neve_meta_enable_content_width":"","neve_meta_content_width":0,"neve_meta_title_alignment":"","neve_meta_author_avatar":"","neve_post_elements_order":"","neve_meta_disable_header":"","neve_meta_disable_footer":"","neve_meta_disable_title":"","footnotes":""},"class_list":["post-23","page","type-page","status-publish","hentry"],"_links":{"self":[{"href":"https:\/\/securitybsides.com.br\/2023\/wp-json\/wp\/v2\/pages\/23","targetHints":{"allow":["GET"]}}],"collection":[{"href":"https:\/\/securitybsides.com.br\/2023\/wp-json\/wp\/v2\/pages"}],"about":[{"href":"https:\/\/securitybsides.com.br\/2023\/wp-json\/wp\/v2\/types\/page"}],"author":[{"embeddable":true,"href":"https:\/\/securitybsides.com.br\/2023\/wp-json\/wp\/v2\/users\/1"}],"replies":[{"embeddable":true,"href":"https:\/\/securitybsides.com.br\/2023\/wp-json\/wp\/v2\/comments?post=23"}],"version-history":[{"count":9,"href":"https:\/\/securitybsides.com.br\/2023\/wp-json\/wp\/v2\/pages\/23\/revisions"}],"predecessor-version":[{"id":823,"href":"https:\/\/securitybsides.com.br\/2023\/wp-json\/wp\/v2\/pages\/23\/revisions\/823"}],"wp:attachment":[{"href":"https:\/\/securitybsides.com.br\/2023\/wp-json\/wp\/v2\/media?parent=23"}],"curies":[{"name":"wp","href":"https:\/\/api.w.org\/{rel}","templated":true}]}}