{"id":672,"date":"2022-11-16T23:44:58","date_gmt":"2022-11-17T02:44:58","guid":{"rendered":"https:\/\/securitybsides.com.br\/2022\/?page_id=672"},"modified":"2022-11-16T23:44:59","modified_gmt":"2022-11-17T02:44:59","slug":"codigo-de-conduta","status":"publish","type":"page","link":"https:\/\/securitybsides.com.br\/2024\/codigo-de-conduta\/","title":{"rendered":"C\u00f3digo de conduta"},"content":{"rendered":"\n<p>A Security BSidesSP oferece um espa\u00e7o para discuss\u00e3o aberta entre os participantes, onde pontos de vista divergentes s\u00e3o bem-vindos e um alto grau de ceticismo \u00e9 esperado. Entretanto, insultar ou assediar outros(as) participantes \u00e9 inaceit\u00e1vel. Queremos que a Security BSidesSP seja um ambiente seguro e produtivo para todos(as). N\u00e3o se trata de como voc\u00ea se parece, mas o que est\u00e1 em sua mente e como voc\u00ea se apresenta, isto \u00e9 o que conta para n\u00f3s.<br><br>Sendo assim:<\/p>\n\n\n\n<p>N\u00e3o toleramos ass\u00e9dio contra nenhum(a) participante, por qualquer raz\u00e3o. O ass\u00e9dio inclui a intimida\u00e7\u00e3o deliberada e\/ou alvo de indiv\u00edduos de uma forma que os fa\u00e7a sentir-se desconfort\u00e1veis, indesej\u00e1veis ou temerosos.<\/p>\n\n\n\n<p>Espera-se que os(as) participantes que forem solicitados a cessar qualquer comportamento de ass\u00e9dio cumpram imediatamente. Reservamo-nos no direito de responder ao ass\u00e9dio da maneira que considerarmos mais apropriada, incluindo, mas n\u00e3o limitado \u00e0 expuls\u00e3o sem reembolso e encaminhamento \u00e0s autoridades competentes.<\/p>\n\n\n\n<p>Este C\u00f3digo de Conduta se aplica a todos os participantes da Security BSidesSP &#8211; desde participantes, patrocinadores, palestrantes, imprensa, volunt\u00e1rios e staff.<\/p>\n\n\n\n<p>Qualquer pessoa pode denunciar o ass\u00e9dio. Se voc\u00ea estiver sendo assediado(a), ou perceba que algu\u00e9m est\u00e1 sendo assediado(a), ou se tiver qualquer outra preocupa\u00e7\u00e3o, voc\u00ea pode contatar um volunt\u00e1rio(a) ou membro da organiza\u00e7\u00e3o, ou se dirigir local de credenciamento do evento.<\/p>\n\n\n\n<p>Nosso pessoal ter\u00e1 prazer em ajudar os(as) participantes a contatar a seguran\u00e7a do local, bem como acionar as autoridades competentes para que seja realizada a aplica\u00e7\u00e3o da lei local ou, de outra forma, ajudar aqueles que est\u00e3o sendo assediados(as) a se sentirem seguros(as) durante o per\u00edodo de dura\u00e7\u00e3o da Security BSidesSP<\/p>\n\n\n\n<p>Lembre-se: A Security BSidesSP \u00e9 o que voc\u00ea faz dela, e como comunidade podemos criar uma grande experi\u00eancia para todos.<\/p>\n","protected":false},"excerpt":{"rendered":"<p>A Security BSidesSP oferece um espa\u00e7o para discuss\u00e3o aberta entre os participantes, onde pontos de vista divergentes s\u00e3o bem-vindos e um alto grau de ceticismo \u00e9 esperado. Entretanto, insultar ou assediar outros(as) participantes \u00e9 inaceit\u00e1vel. Queremos que a Security BSidesSP seja um ambiente seguro e produtivo para todos(as). N\u00e3o se trata de como voc\u00ea se&hellip;&nbsp;<a href=\"https:\/\/securitybsides.com.br\/2024\/codigo-de-conduta\/\" rel=\"bookmark\">Continue a ler &raquo;<span class=\"screen-reader-text\">C\u00f3digo de conduta<\/span><\/a><\/p>\n","protected":false},"author":1,"featured_media":0,"parent":0,"menu_order":0,"comment_status":"closed","ping_status":"closed","template":"","meta":{"neve_meta_sidebar":"","neve_meta_container":"","neve_meta_enable_content_width":"","neve_meta_content_width":0,"neve_meta_title_alignment":"","neve_meta_author_avatar":"","neve_post_elements_order":"","neve_meta_disable_header":"","neve_meta_disable_footer":"","neve_meta_disable_title":"","footnotes":""},"class_list":["post-672","page","type-page","status-publish","hentry"],"_links":{"self":[{"href":"https:\/\/securitybsides.com.br\/2024\/wp-json\/wp\/v2\/pages\/672","targetHints":{"allow":["GET"]}}],"collection":[{"href":"https:\/\/securitybsides.com.br\/2024\/wp-json\/wp\/v2\/pages"}],"about":[{"href":"https:\/\/securitybsides.com.br\/2024\/wp-json\/wp\/v2\/types\/page"}],"author":[{"embeddable":true,"href":"https:\/\/securitybsides.com.br\/2024\/wp-json\/wp\/v2\/users\/1"}],"replies":[{"embeddable":true,"href":"https:\/\/securitybsides.com.br\/2024\/wp-json\/wp\/v2\/comments?post=672"}],"version-history":[{"count":1,"href":"https:\/\/securitybsides.com.br\/2024\/wp-json\/wp\/v2\/pages\/672\/revisions"}],"predecessor-version":[{"id":673,"href":"https:\/\/securitybsides.com.br\/2024\/wp-json\/wp\/v2\/pages\/672\/revisions\/673"}],"wp:attachment":[{"href":"https:\/\/securitybsides.com.br\/2024\/wp-json\/wp\/v2\/media?parent=672"}],"curies":[{"name":"wp","href":"https:\/\/api.w.org\/{rel}","templated":true}]}}