{"id":1498,"date":"2025-01-18T13:32:52","date_gmt":"2025-01-18T16:32:52","guid":{"rendered":"https:\/\/securitybsides.com.br\/2025\/?page_id=1498"},"modified":"2025-03-18T16:12:19","modified_gmt":"2025-03-18T19:12:19","slug":"descontos","status":"publish","type":"page","link":"https:\/\/securitybsides.com.br\/2025\/descontos\/","title":{"rendered":"Descontos"},"content":{"rendered":"\n<p>Estamos felizes em anunciar descontos especiais para quem vai viajar para S\u00e3o Paulo para participar da BSidesSP:<\/p>\n\n\n\n<p>1.\u2060 \u2060Passagens A\u00e9reas: Gra\u00e7as a uma parceria entre a <strong>Hekate<\/strong> e a <strong>LATAM<\/strong>, oferecemos um desconto de <strong>20%<\/strong> na compra de passagens a\u00e9reas para o evento. Para garantir seu desconto, entre em contato com a ag\u00eancia de viagens oficial do evento, a <strong>VP2 Turismo<\/strong>, pelo e-mail: <a href=\"mailto:atendimento@vp2turismo.com.br\" target=\"_blank\" rel=\"noreferrer noopener\">atendimento@vp2turismo.com.br<\/a>.<\/p>\n\n\n\n<p>2.\u2060 \u2060Hospedagem: Os participantes da BSidesSP podem aproveitar um desconto de <strong>5%<\/strong> na hospedagem no hotel oficial do evento. Utilize o cupom <strong>BSIDES25<\/strong> na tela de pagamento da reserva para obter o desconto. Aten\u00e7\u00e3o: o c\u00f3digo deve ser aplicado no momento do pagamento, e n\u00e3o durante a busca por quartos, para evitar erros. Reserve seu quarto aqui: <a href=\"https:\/\/www.nacionalinn.com.br\/hoteis\/hotel-nacionalinn-jaragua-sao-paulo\">https:\/\/www.nacionalinn.com.br\/hoteis\/hotel-nacionalinn-jaragua-sao-paulo<\/a><\/p>\n\n\n\n<p><strong>Apoio:<\/strong><\/p>\n\n\n\n<figure class=\"wp-block-image size-full\"><a href=\"https:\/\/www.latamairlines.com\/\" target=\"_blank\" rel=\" noreferrer noopener\"><img decoding=\"async\" width=\"150\" height=\"75\" src=\"https:\/\/securitybsides.com.br\/2025\/wp-content\/uploads\/2025\/01\/latam-1.png\" alt=\"\" class=\"wp-image-1530\"\/><\/a><\/figure>\n","protected":false},"excerpt":{"rendered":"<p>Estamos felizes em anunciar descontos especiais para quem vai viajar para S\u00e3o Paulo para participar da BSidesSP: 1.\u2060 \u2060Passagens A\u00e9reas: Gra\u00e7as a uma parceria entre a Hekate e a LATAM, oferecemos um desconto de 20% na compra de passagens a\u00e9reas para o evento. Para garantir seu desconto, entre em contato com a ag\u00eancia de viagens&hellip;&nbsp;<a href=\"https:\/\/securitybsides.com.br\/2025\/descontos\/\" rel=\"bookmark\">Continue a ler &raquo;<span class=\"screen-reader-text\">Descontos<\/span><\/a><\/p>\n","protected":false},"author":1,"featured_media":0,"parent":0,"menu_order":0,"comment_status":"closed","ping_status":"closed","template":"","meta":{"neve_meta_sidebar":"","neve_meta_container":"","neve_meta_enable_content_width":"","neve_meta_content_width":0,"neve_meta_title_alignment":"","neve_meta_author_avatar":"","neve_post_elements_order":"","neve_meta_disable_header":"","neve_meta_disable_footer":"","neve_meta_disable_title":"","footnotes":""},"class_list":["post-1498","page","type-page","status-publish","hentry"],"_links":{"self":[{"href":"https:\/\/securitybsides.com.br\/2025\/wp-json\/wp\/v2\/pages\/1498","targetHints":{"allow":["GET"]}}],"collection":[{"href":"https:\/\/securitybsides.com.br\/2025\/wp-json\/wp\/v2\/pages"}],"about":[{"href":"https:\/\/securitybsides.com.br\/2025\/wp-json\/wp\/v2\/types\/page"}],"author":[{"embeddable":true,"href":"https:\/\/securitybsides.com.br\/2025\/wp-json\/wp\/v2\/users\/1"}],"replies":[{"embeddable":true,"href":"https:\/\/securitybsides.com.br\/2025\/wp-json\/wp\/v2\/comments?post=1498"}],"version-history":[{"count":4,"href":"https:\/\/securitybsides.com.br\/2025\/wp-json\/wp\/v2\/pages\/1498\/revisions"}],"predecessor-version":[{"id":1576,"href":"https:\/\/securitybsides.com.br\/2025\/wp-json\/wp\/v2\/pages\/1498\/revisions\/1576"}],"wp:attachment":[{"href":"https:\/\/securitybsides.com.br\/2025\/wp-json\/wp\/v2\/media?parent=1498"}],"curies":[{"name":"wp","href":"https:\/\/api.w.org\/{rel}","templated":true}]}}