{"id":1687,"date":"2025-04-10T13:44:08","date_gmt":"2025-04-10T16:44:08","guid":{"rendered":"https:\/\/securitybsides.com.br\/2025\/?page_id=1687"},"modified":"2025-04-10T16:34:01","modified_gmt":"2025-04-10T19:34:01","slug":"inscricoes","status":"publish","type":"page","link":"https:\/\/securitybsides.com.br\/2025\/inscricoes\/","title":{"rendered":"Inscri\u00e7\u00f5es"},"content":{"rendered":"\n<h3 class=\"wp-block-heading\"><strong><mark style=\"background-color:rgba(0, 0, 0, 0)\" class=\"has-inline-color has-nv-c-2-color\">ATEN\u00c7\u00c3O:<\/mark><\/strong> Este ano ser\u00e1 necess\u00e1rio <strong>realizar 2 inscri\u00e7\u00f5es<\/strong> para os participantes que queiram participar dos treinamentos que ser\u00e3o realizados no s\u00e1bado dia 17\/05\/2025.<\/h3>\n\n\n\n<p><strong><a href=\"https:\/\/www.sympla.com.br\/evento\/security-bsides-sao-paulo-bsidessp-2025\/2909027\" data-type=\"link\" data-id=\"https:\/\/www.sympla.com.br\/evento\/security-bsides-sao-paulo-bsidessp-2025\/2909027\" target=\"_blank\" rel=\"noreferrer noopener\">As inscri\u00e7\u00f5es gerais para o evento no domingo dia 18\/05\/2025 devem ser realizadas aqui.<\/a><\/strong><\/p>\n\n\n\n<p><a href=\"https:\/\/www.sympla.com.br\/evento\/security-bsides-sao-paulo-bsidessp-2025-sAbado\/2909867\" target=\"_blank\" rel=\"noreferrer noopener\"><strong>Caso voc\u00ea queira participar dos treinamentos no s\u00e1bado dia 17\/05\/2025 realize sua inscri\u00e7\u00e3o tamb\u00e9m neste link.<\/strong><\/a><\/p>\n","protected":false},"excerpt":{"rendered":"<p>ATEN\u00c7\u00c3O: Este ano ser\u00e1 necess\u00e1rio realizar 2 inscri\u00e7\u00f5es para os participantes que queiram participar dos treinamentos que ser\u00e3o realizados no s\u00e1bado dia 17\/05\/2025. As inscri\u00e7\u00f5es gerais para o evento no domingo dia 18\/05\/2025 devem ser realizadas aqui. Caso voc\u00ea queira participar dos treinamentos no s\u00e1bado dia 17\/05\/2025 realize sua inscri\u00e7\u00e3o tamb\u00e9m neste link.<\/p>\n","protected":false},"author":1,"featured_media":0,"parent":0,"menu_order":0,"comment_status":"closed","ping_status":"closed","template":"","meta":{"neve_meta_sidebar":"","neve_meta_container":"","neve_meta_enable_content_width":"","neve_meta_content_width":0,"neve_meta_title_alignment":"","neve_meta_author_avatar":"","neve_post_elements_order":"","neve_meta_disable_header":"","neve_meta_disable_footer":"","neve_meta_disable_title":"","footnotes":""},"class_list":["post-1687","page","type-page","status-publish","hentry"],"_links":{"self":[{"href":"https:\/\/securitybsides.com.br\/2025\/wp-json\/wp\/v2\/pages\/1687","targetHints":{"allow":["GET"]}}],"collection":[{"href":"https:\/\/securitybsides.com.br\/2025\/wp-json\/wp\/v2\/pages"}],"about":[{"href":"https:\/\/securitybsides.com.br\/2025\/wp-json\/wp\/v2\/types\/page"}],"author":[{"embeddable":true,"href":"https:\/\/securitybsides.com.br\/2025\/wp-json\/wp\/v2\/users\/1"}],"replies":[{"embeddable":true,"href":"https:\/\/securitybsides.com.br\/2025\/wp-json\/wp\/v2\/comments?post=1687"}],"version-history":[{"count":3,"href":"https:\/\/securitybsides.com.br\/2025\/wp-json\/wp\/v2\/pages\/1687\/revisions"}],"predecessor-version":[{"id":1697,"href":"https:\/\/securitybsides.com.br\/2025\/wp-json\/wp\/v2\/pages\/1687\/revisions\/1697"}],"wp:attachment":[{"href":"https:\/\/securitybsides.com.br\/2025\/wp-json\/wp\/v2\/media?parent=1687"}],"curies":[{"name":"wp","href":"https:\/\/api.w.org\/{rel}","templated":true}]}}