{"id":23,"date":"2022-10-08T23:55:08","date_gmt":"2022-10-09T02:55:08","guid":{"rendered":"https:\/\/securitybsides.com.br\/2022\/?page_id=23"},"modified":"2025-05-06T23:13:35","modified_gmt":"2025-05-07T02:13:35","slug":"cfp","status":"publish","type":"page","link":"https:\/\/securitybsides.com.br\/2025\/cfp\/","title":{"rendered":"CFP &#8211; Evento"},"content":{"rendered":"\n<p>Nesta edi\u00e7\u00e3o teremos diversas trilhas com palestras de at\u00e9 40min no domingo, mini treinamentos de at\u00e9 4 horas no s\u00e1bado, al\u00e9m dos espa\u00e7os para Lightning Talks (10 minutos cada, com tema livre), espa\u00e7o para atividades da BSides 4 Kids e das demais Villages (tais como Forense Computacional, Lockpicking, BioHacking, OSINT e muitas outras)<\/p>\n\n\n\n<p>Sobre cada atividade:<\/p>\n\n\n\n<ul class=\"wp-block-list\">\n<li>Palestras: cobrindo temas relacionados ao evento, devem ter dura\u00e7\u00e3o de 40 minutos<\/li>\n\n\n\n<li>Oficinas: t\u00eam um enfoque mais hands-on, com demonstra\u00e7\u00e3o de ferramentas e pr\u00e1ticas. Tem dura\u00e7\u00e3o de 1h30.<\/li>\n\n\n\n<li>Palestras Rel\u00e2mpago (Lightning Talks): mini-palestras com dura\u00e7\u00e3o m\u00e1xima de 10 minutos<\/li>\n\n\n\n<li>BSides 4 Kids: Atividades \u201cgeek\u201d voltadas para crian\u00e7as. Ter\u00e1 dura\u00e7\u00e3o total de 1h30<\/li>\n\n\n\n<li>Villages: Atividades e\/ou palestra relacionadas ao tema de cada Village<\/li>\n\n\n\n<li>Mini treinamentos: Atividades realizadas no dia 17 de maio com dura\u00e7\u00e3o m\u00e1xima de 4 horas<\/li>\n<\/ul>\n\n\n\n<div class=\"wp-block-buttons is-layout-flex wp-block-buttons-is-layout-flex\">\n<div class=\"wp-block-button\"><a class=\"wp-block-button__link wp-element-button\" href=\"https:\/\/www.papercall.io\/bsidessp-v20\" target=\"_blank\" rel=\" noreferrer noopener nofollow\"><mark style=\"background-color:rgba(0, 0, 0, 0)\" class=\"has-inline-color has-nv-c-2-color\">Acompanhar proposta<\/mark><\/a><\/div>\n<\/div>\n\n\n\n<p><\/p>\n\n\n\n<p><strong>Datas importantes:<\/strong><\/p>\n\n\n\n<p><strong>Data final para submiss\u00e3o de atividades:<\/strong> <s>01 de Abril de 2025<\/s> <br><strong>Notifica\u00e7\u00e3o aos autores selecionados:<\/strong> <s>at\u00e9 15 de Abril de 2025 <\/s><br><strong>Divulga\u00e7\u00e3o da Agenda:<\/strong> 22 de Abril de 2025 <br><strong>BSides SP Edi\u00e7\u00e3o v20: 17 e 18 de Maio de 2025<\/strong><\/p>\n","protected":false},"excerpt":{"rendered":"<p>Nesta edi\u00e7\u00e3o teremos diversas trilhas com palestras de at\u00e9 40min no domingo, mini treinamentos de at\u00e9 4 horas no s\u00e1bado, al\u00e9m dos espa\u00e7os para Lightning Talks (10 minutos cada, com tema livre), espa\u00e7o para atividades da BSides 4 Kids e das demais Villages (tais como Forense Computacional, Lockpicking, BioHacking, OSINT e muitas outras) Sobre cada&hellip;&nbsp;<a href=\"https:\/\/securitybsides.com.br\/2025\/cfp\/\" rel=\"bookmark\">Continue a ler &raquo;<span class=\"screen-reader-text\">CFP &#8211; Evento<\/span><\/a><\/p>\n","protected":false},"author":1,"featured_media":0,"parent":0,"menu_order":0,"comment_status":"closed","ping_status":"closed","template":"","meta":{"neve_meta_sidebar":"","neve_meta_container":"","neve_meta_enable_content_width":"","neve_meta_content_width":0,"neve_meta_title_alignment":"","neve_meta_author_avatar":"","neve_post_elements_order":"","neve_meta_disable_header":"","neve_meta_disable_footer":"","neve_meta_disable_title":"","footnotes":""},"class_list":["post-23","page","type-page","status-publish","hentry"],"_links":{"self":[{"href":"https:\/\/securitybsides.com.br\/2025\/wp-json\/wp\/v2\/pages\/23","targetHints":{"allow":["GET"]}}],"collection":[{"href":"https:\/\/securitybsides.com.br\/2025\/wp-json\/wp\/v2\/pages"}],"about":[{"href":"https:\/\/securitybsides.com.br\/2025\/wp-json\/wp\/v2\/types\/page"}],"author":[{"embeddable":true,"href":"https:\/\/securitybsides.com.br\/2025\/wp-json\/wp\/v2\/users\/1"}],"replies":[{"embeddable":true,"href":"https:\/\/securitybsides.com.br\/2025\/wp-json\/wp\/v2\/comments?post=23"}],"version-history":[{"count":22,"href":"https:\/\/securitybsides.com.br\/2025\/wp-json\/wp\/v2\/pages\/23\/revisions"}],"predecessor-version":[{"id":1863,"href":"https:\/\/securitybsides.com.br\/2025\/wp-json\/wp\/v2\/pages\/23\/revisions\/1863"}],"wp:attachment":[{"href":"https:\/\/securitybsides.com.br\/2025\/wp-json\/wp\/v2\/media?parent=23"}],"curies":[{"name":"wp","href":"https:\/\/api.w.org\/{rel}","templated":true}]}}