{"id":685,"date":"2022-11-18T23:03:22","date_gmt":"2022-11-19T02:03:22","guid":{"rendered":"https:\/\/securitybsides.com.br\/2022\/?page_id=685"},"modified":"2025-04-23T22:57:46","modified_gmt":"2025-04-24T01:57:46","slug":"ctf","status":"publish","type":"page","link":"https:\/\/securitybsides.com.br\/2025\/ctf\/","title":{"rendered":"CTF"},"content":{"rendered":"\n<p>A competi\u00e7\u00e3o de Capture The Flag (CTF) da BSidesSP 2025 ser\u00e1 realizada em parceria com a comunidade Hack in Cariri e trar\u00e1 v\u00e1rias novidades neste ano. O nosso objetivo \u00e9 fomentar o engajamento dos participantes e atrair pessoas interessadas em participar da competi\u00e7\u00e3o, mesmo aquelas sem experi\u00eancia anterior em campeonatos de CTF.<\/p>\n\n\n\n<p><strong>ESQUENTA CTF BSIDESSP 2025<\/strong><\/p>\n\n\n\n<p>Novamente iremos promover algumas competi\u00e7\u00f5es para promover o CTF da BSidesSP na comunidade de seguran\u00e7a, e possibilitar que mais pessoas possam treinar e viver a experi\u00eancia de competir em um CTF antes da competi\u00e7\u00e3o oficial do evento.<\/p>\n\n\n\n<figure class=\"wp-block-image size-large\"><a href=\"http:\/\/github.com\/hackincariri\/c4c\" target=\"_blank\" rel=\" noreferrer noopener\"><img fetchpriority=\"high\" decoding=\"async\" width=\"1024\" height=\"1024\" src=\"https:\/\/securitybsides.com.br\/2025\/wp-content\/uploads\/2025\/04\/C4C-1024x1024.jpeg\" alt=\"\" class=\"wp-image-1649\" srcset=\"https:\/\/securitybsides.com.br\/2025\/wp-content\/uploads\/2025\/04\/C4C-1024x1024.jpeg 1024w, https:\/\/securitybsides.com.br\/2025\/wp-content\/uploads\/2025\/04\/C4C-300x300.jpeg 300w, https:\/\/securitybsides.com.br\/2025\/wp-content\/uploads\/2025\/04\/C4C-150x150.jpeg 150w, https:\/\/securitybsides.com.br\/2025\/wp-content\/uploads\/2025\/04\/C4C-768x768.jpeg 768w, https:\/\/securitybsides.com.br\/2025\/wp-content\/uploads\/2025\/04\/C4C-1536x1536.jpeg 1536w, https:\/\/securitybsides.com.br\/2025\/wp-content\/uploads\/2025\/04\/C4C-2048x2048.jpeg 2048w\" sizes=\"(max-width: 1024px) 100vw, 1024px\" \/><\/a><\/figure>\n\n\n\n<p><strong>J\u00e1 temos algumas atividades planejadas:<\/strong><\/p>\n\n\n\n<p><strong>03\/05 a 04\/05 &#8211; CTF Esquenta online (preparativo para a BSides SP)<\/strong><\/p>\n\n\n\n<p>Um CTF online, realizado antes do evento, para atrair pessoas interessadas em iniciar nas competi\u00e7\u00f5es de CTF. Al\u00e9m do desafio em si, a fase do \u201cCTF Esquenta\u201d incluir\u00e1 uma atividade presencial no primeiro dia da BSidesSP (S\u00e1bado, 18\/05), em que faremos a premia\u00e7\u00e3o do vencedor desta etapa, apresentaremos a resolu\u00e7\u00e3o de alguns desafios e abriremos o espa\u00e7o para networking e confraterniza\u00e7\u00e3o entre os presentes; \u00c9 a oportunidade de montar o seu time para o domingo!<\/p>\n\n\n\n<p><s>08\/03 &#8211; CTF exclusivo para mulheres em parceria com a WOMCY, Garoa Hacker Clube e Hack in Cariri<br>29\/03 &#8211; CTF sobre Intelig\u00eancia Artificial (IA) em parceria com a Village de IA, Garoa Hacker Clube e Hack in Cariri<\/s><\/p>\n\n\n\n<p><strong>CTF Sobre IA<br><\/strong>T\u00e1 pronto pra testar suas skills em ataques e defesa contra IA? O Garoa Hacker Clube vai ser palco de um CTF insano, onde voc\u00ea vai poder explorar os limites da intelig\u00eancia artificial (e da sua pr\u00f3pria intelig\u00eancia).<br>Venha testar cen\u00e1rios de Jailbreak de LLMs, Ataques adversariais, Data poisoning e Deepfakes \u2013 manipule rostos, vozes e descubra quem \u00e9 real (ou n\u00e3o)<br>Essa iniciativa \u00e9 fruto de uma parceria entre a Village de IA, o Garoa Hacker Clube, a comunidade Hack in Cariri e a Security BSides S\u00e3o Paulo (BSidesSP).<br>O evento ocorrer\u00e1 dia 29\/03\/25, das 15h \u00e0s 18h, no Garoa Hacker Clube, em Pinheiros. Nesta competi\u00e7\u00e3o as participantes ter\u00e3o a chance de testar suas habilidades em seguran\u00e7a da informa\u00e7\u00e3o, solucionando desafios de forma individual na plataforma Hack in Cariri.<br>Al\u00e9m de muita adrenalina e aprendizado, teremos um happy hour e uma premia\u00e7\u00e3o especial para os 3 primeiros colocados!<\/p>\n\n\n\n<p><strong>Data: <\/strong>29\/03\/25<br><strong>Hor\u00e1rio: <\/strong>15h \u00e0s 18h, seguido de happy hour<br><strong>Local:<\/strong> Garoa Hacker Clube \u2013 Rua Pascoal Bianco, 48, Pinheiros, S\u00e3o Paulo \u2013 SP<br>Evento gratuito, necess\u00e1rio inscri\u00e7\u00e3o pr\u00e9via para participa\u00e7\u00e3o, <a href=\"https:\/\/docs.google.com\/forms\/d\/e\/1FAIpQLSddZRz5aDzAZd8atTqLiCwmblDMfD-W4L1CkcXqxj8wB9EMkQ\/viewform\" target=\"_blank\" rel=\"noreferrer noopener\">clique aqui<\/a> para se inscrever.<\/p>\n\n\n\n<hr class=\"wp-block-separator has-alpha-channel-opacity\"\/>\n\n\n\n<p><strong>CTF Exclusivo para Mulheres com a WOMCY<\/strong><br>A comunidade WOMCY Latam Women in Cybersecurity convida as mulheres para participar do 1\u00ba CTF da WOMCY!<br>Essa iniciativa \u00e9 fruto de uma parceria entre a <a href=\"https:\/\/womcy.org\/\" target=\"_blank\" rel=\"noreferrer noopener\">WOMCY<\/a>, o <a href=\"https:\/\/garoa.net.br\/wiki\/P%C3%A1gina_principal\" target=\"_blank\" rel=\"noreferrer noopener\">Garoa Hacker Clube<\/a>, a comunidade <a href=\"https:\/\/www.hackincariri.com.br\/\" target=\"_blank\" rel=\"noreferrer noopener\">Hack in Cariri<\/a> e a Security BSides S\u00e3o Paulo (BSidesSP).<br>O evento ocorrer\u00e1 dia 08\/03\/25, das 15h \u00e0s 18h, no Garoa Hacker Clube, em Pinheiros. Nesta competi\u00e7\u00e3o as participantes ter\u00e3o a chance de testar suas habilidades em seguran\u00e7a da informa\u00e7\u00e3o, solucionando desafios de forma individual na plataforma Hack in Cariri.<br>Al\u00e9m de muita adrenalina e aprendizado, teremos um happy hour e uma premia\u00e7\u00e3o especial para as 3 primeiras colocadas!<\/p>\n\n\n\n<p><strong>Data: <\/strong>08\/03\/25<br><strong>Hor\u00e1rio:<\/strong> 15h \u00e0s 18h, seguido de happy hour<br><strong>Local:<\/strong> Garoa Hacker Clube \u2013 Rua Pascoal Bianco, 48, Pinheiros, S\u00e3o Paulo \u2013 SP<br><strong>Evento gratuito<\/strong>, necess\u00e1rio inscri\u00e7\u00e3o pr\u00e9via para participa\u00e7\u00e3o, <a href=\"https:\/\/docs.google.com\/forms\/d\/e\/1FAIpQLSfKHZbPfNUiSeUcYAAfbJk8HMVRHRNMafmETfCwLunlVRlWKA\/viewform\" target=\"_blank\" rel=\"noreferrer noopener nofollow\"><strong>clique aqui<\/strong><\/a> para se inscrever.<\/p>\n\n\n\n<hr class=\"wp-block-separator has-alpha-channel-opacity\"\/>\n\n\n\n<p><strong>Patroc\u00ednio:<\/strong><\/p>\n\n\n\n<figure class=\"wp-block-table alignleft\"><table class=\"has-border-color has-nv-site-bg-border-color has-fixed-layout\"><tbody><tr><td><a href=\"https:\/\/www.defcon1.com.br\/\" target=\"_blank\" rel=\"noreferrer noopener\"><img decoding=\"async\" width=\"150\" height=\"48\" class=\"wp-image-1380\" style=\"width: 150px;\" src=\"https:\/\/securitybsides.com.br\/2025\/wp-content\/uploads\/2024\/05\/Defcon1_logo_horizontal.png\" alt=\"\"><\/a><\/td><td class=\"has-text-align-center\" data-align=\"center\"><a href=\"https:\/\/lumu.io\/\" data-type=\"link\" data-id=\"https:\/\/lumu.io\/\" target=\"_blank\" rel=\"noreferrer noopener\"><img decoding=\"async\" width=\"150\" height=\"56\" class=\"wp-image-1399\" style=\"width: 150px;\" src=\"https:\/\/securitybsides.com.br\/2025\/wp-content\/uploads\/2024\/05\/logo_lumu.jpeg\" alt=\"\"><\/a><\/td><\/tr><\/tbody><\/table><\/figure>\n\n\n\n<p><\/p>\n","protected":false},"excerpt":{"rendered":"<p>A competi\u00e7\u00e3o de Capture The Flag (CTF) da BSidesSP 2025 ser\u00e1 realizada em parceria com a comunidade Hack in Cariri e trar\u00e1 v\u00e1rias novidades neste ano. O nosso objetivo \u00e9 fomentar o engajamento dos participantes e atrair pessoas interessadas em participar da competi\u00e7\u00e3o, mesmo aquelas sem experi\u00eancia anterior em campeonatos de CTF. ESQUENTA CTF BSIDESSP&hellip;&nbsp;<a href=\"https:\/\/securitybsides.com.br\/2025\/ctf\/\" rel=\"bookmark\">Continue a ler &raquo;<span class=\"screen-reader-text\">CTF<\/span><\/a><\/p>\n","protected":false},"author":1,"featured_media":0,"parent":0,"menu_order":0,"comment_status":"closed","ping_status":"closed","template":"","meta":{"neve_meta_sidebar":"","neve_meta_container":"","neve_meta_enable_content_width":"","neve_meta_content_width":0,"neve_meta_title_alignment":"","neve_meta_author_avatar":"","neve_post_elements_order":"","neve_meta_disable_header":"","neve_meta_disable_footer":"","neve_meta_disable_title":"","footnotes":""},"class_list":["post-685","page","type-page","status-publish","hentry"],"_links":{"self":[{"href":"https:\/\/securitybsides.com.br\/2025\/wp-json\/wp\/v2\/pages\/685","targetHints":{"allow":["GET"]}}],"collection":[{"href":"https:\/\/securitybsides.com.br\/2025\/wp-json\/wp\/v2\/pages"}],"about":[{"href":"https:\/\/securitybsides.com.br\/2025\/wp-json\/wp\/v2\/types\/page"}],"author":[{"embeddable":true,"href":"https:\/\/securitybsides.com.br\/2025\/wp-json\/wp\/v2\/users\/1"}],"replies":[{"embeddable":true,"href":"https:\/\/securitybsides.com.br\/2025\/wp-json\/wp\/v2\/comments?post=685"}],"version-history":[{"count":37,"href":"https:\/\/securitybsides.com.br\/2025\/wp-json\/wp\/v2\/pages\/685\/revisions"}],"predecessor-version":[{"id":1782,"href":"https:\/\/securitybsides.com.br\/2025\/wp-json\/wp\/v2\/pages\/685\/revisions\/1782"}],"wp:attachment":[{"href":"https:\/\/securitybsides.com.br\/2025\/wp-json\/wp\/v2\/media?parent=685"}],"curies":[{"name":"wp","href":"https:\/\/api.w.org\/{rel}","templated":true}]}}