{"id":1658,"date":"2025-04-09T22:13:59","date_gmt":"2025-04-10T01:13:59","guid":{"rendered":"https:\/\/securitybsides.com.br\/2025\/?page_id=1658"},"modified":"2026-04-17T08:52:00","modified_gmt":"2026-04-17T11:52:00","slug":"cfp-villages","status":"publish","type":"page","link":"https:\/\/securitybsides.com.br\/2026\/cfp-villages\/","title":{"rendered":"CFP Villages"},"content":{"rendered":"\n<p>Esta ano a chamada de atividades, palestras e demais itens para todas as villages da BSides S\u00e3o Paulo, ser\u00e3o realizadas atrav\u00e9s de um \u00fanico formul\u00e1rio.<\/p>\n\n\n\n<p>Para enviar sua proposta, basta clicar no bot\u00e3o abaixo.<\/p>\n\n\n\n<div class=\"wp-block-buttons is-layout-flex wp-block-buttons-is-layout-flex\">\n<div class=\"wp-block-button\"><a class=\"wp-block-button__link has-nv-text-dark-bg-color has-neve-text-color-background-color has-text-color has-background has-link-color wp-element-button\">CFP Encerrado<\/a><\/div>\n<\/div>\n\n\n\n<p><strong>Data final para submiss\u00e3o de atividades:<\/strong> <mark style=\"background-color:rgba(0, 0, 0, 0)\" class=\"has-inline-color has-nv-c-2-color\"><strong><s>15 de abril de 2026 (Prorrogado)<\/s><\/strong><\/mark><br><strong>Notifica\u00e7\u00e3o aos autores selecionados:<\/strong>\u00a0at\u00e9 20 de abril de 2026<br><strong>Divulga\u00e7\u00e3o da Agenda:<\/strong> 22 de abril de 2026<\/p>\n","protected":false},"excerpt":{"rendered":"<p>Esta ano a chamada de atividades, palestras e demais itens para todas as villages da BSides S\u00e3o Paulo, ser\u00e3o realizadas atrav\u00e9s de um \u00fanico formul\u00e1rio. Para enviar sua proposta, basta clicar no bot\u00e3o abaixo. Data final para submiss\u00e3o de atividades: 15 de abril de 2026 (Prorrogado)Notifica\u00e7\u00e3o aos autores selecionados:\u00a0at\u00e9 20 de abril de 2026Divulga\u00e7\u00e3o da&hellip;&nbsp;<a href=\"https:\/\/securitybsides.com.br\/2026\/cfp-villages\/\" rel=\"bookmark\">Continue a ler &raquo;<span class=\"screen-reader-text\">CFP Villages<\/span><\/a><\/p>\n","protected":false},"author":1,"featured_media":0,"parent":0,"menu_order":0,"comment_status":"closed","ping_status":"closed","template":"","meta":{"neve_meta_sidebar":"","neve_meta_container":"","neve_meta_enable_content_width":"","neve_meta_content_width":0,"neve_meta_title_alignment":"","neve_meta_author_avatar":"","neve_post_elements_order":"","neve_meta_disable_header":"","neve_meta_disable_footer":"","neve_meta_disable_title":"","footnotes":""},"class_list":["post-1658","page","type-page","status-publish","hentry"],"_links":{"self":[{"href":"https:\/\/securitybsides.com.br\/2026\/wp-json\/wp\/v2\/pages\/1658","targetHints":{"allow":["GET"]}}],"collection":[{"href":"https:\/\/securitybsides.com.br\/2026\/wp-json\/wp\/v2\/pages"}],"about":[{"href":"https:\/\/securitybsides.com.br\/2026\/wp-json\/wp\/v2\/types\/page"}],"author":[{"embeddable":true,"href":"https:\/\/securitybsides.com.br\/2026\/wp-json\/wp\/v2\/users\/1"}],"replies":[{"embeddable":true,"href":"https:\/\/securitybsides.com.br\/2026\/wp-json\/wp\/v2\/comments?post=1658"}],"version-history":[{"count":16,"href":"https:\/\/securitybsides.com.br\/2026\/wp-json\/wp\/v2\/pages\/1658\/revisions"}],"predecessor-version":[{"id":2114,"href":"https:\/\/securitybsides.com.br\/2026\/wp-json\/wp\/v2\/pages\/1658\/revisions\/2114"}],"wp:attachment":[{"href":"https:\/\/securitybsides.com.br\/2026\/wp-json\/wp\/v2\/media?parent=1658"}],"curies":[{"name":"wp","href":"https:\/\/api.w.org\/{rel}","templated":true}]}}