{"id":2332,"date":"2026-05-04T23:32:24","date_gmt":"2026-05-05T02:32:24","guid":{"rendered":"https:\/\/securitybsides.com.br\/2026\/?page_id=2332"},"modified":"2026-05-04T23:32:24","modified_gmt":"2026-05-05T02:32:24","slug":"mobile-security-village","status":"publish","type":"page","link":"https:\/\/securitybsides.com.br\/2026\/mobile-security-village\/","title":{"rendered":"Mobile Security Village"},"content":{"rendered":"\n<table id=\"tablepress-39\" class=\"tablepress tablepress-id-39 tbody-has-connected-cells\">\n<thead>\n<tr class=\"row-1\">\n\t<th class=\"column-1\"><center><strong>Hor\u00e1rio<\/strong><\/center><\/th><th class=\"column-2\"><center><strong>T\u00edtulo<\/strong><\/center><\/th><th class=\"column-3\"><center><strong>Descri\u00e7\u00e3o<\/strong><\/center><\/th><th class=\"column-4\"><center><strong>Palestrante<\/strong><\/center><\/th>\n<\/tr>\n<\/thead>\n<tbody class=\"row-striping row-hover\">\n<tr class=\"row-2\">\n\t<td class=\"column-1\"><center><strong>10:45<\/strong><\/center><\/td><td colspan=\"3\" class=\"column-2\"><center><strong>Abertura<\/center><\/strong><\/td>\n<\/tr>\n<tr class=\"row-3\">\n\t<td class=\"column-1\"><center><strong>11:00<\/strong><\/center><\/td><td class=\"column-2\">TBD<\/td><td class=\"column-3\"><\/td><td class=\"column-4\"><\/td>\n<\/tr>\n<tr class=\"row-4\">\n\t<td class=\"column-1\"><center><strong>11:45<\/strong><\/center><\/td><td class=\"column-2\">Prote\u00e7\u00f5es em Aplicativos Mobile: A Nova Gera\u00e7\u00e3o<\/td><td class=\"column-3\"><\/td><td class=\"column-4\">Rodolfo Mariano e Caio Robaldo<\/td>\n<\/tr>\n<tr class=\"row-5\">\n\t<td class=\"column-1\"><center><strong>12:25<\/strong><\/center><\/td><td colspan=\"3\" class=\"column-2\"><center><strong>Almo\u00e7o<\/strong><\/center><\/td>\n<\/tr>\n<tr class=\"row-6\">\n\t<td class=\"column-1\"><center><strong>13:40<\/strong><\/center><\/td><td class=\"column-2\">Identidade Invis\u00edvel: O Fim das Senhas atrav\u00e9s da Seguran\u00e7a Adaptativa e Comportamental Mobile<\/td><td class=\"column-3\"><\/td><td class=\"column-4\">Mikael Nilton<\/td>\n<\/tr>\n<tr class=\"row-7\">\n\t<td class=\"column-1\"><center><strong>14:25<\/strong><\/center><\/td><td class=\"column-2\">Do Mobile ao LDAP: quando o \u201cbackup\u201d vira vetor \u2014 ATO, OTP bypass e function lockout<\/td><td class=\"column-3\"><\/td><td class=\"column-4\">Davi Trindade<\/td>\n<\/tr>\n<tr class=\"row-8\">\n\t<td class=\"column-1\"><center><strong>15:10<\/strong><\/center><\/td><td class=\"column-2\">Manually Bypassing SSL Pinning<\/td><td class=\"column-3\"><\/td><td class=\"column-4\">Gustavo (B4sh)<\/td>\n<\/tr>\n<tr class=\"row-9\">\n\t<td class=\"column-1\"><center><strong>15:50<\/strong><\/center><\/td><td colspan=\"3\" class=\"column-2\"><center><strong>Intervalo<\/strong><\/center><\/td>\n<\/tr>\n<tr class=\"row-10\">\n\t<td class=\"column-1\"><center><strong>16:20<\/strong><\/center><\/td><td class=\"column-2\">Breaking the Breakers: Bypass de controles em apps iOS<\/td><td class=\"column-3\"><\/td><td class=\"column-4\">Bruno Teixeira<\/td>\n<\/tr>\n<tr class=\"row-11\">\n\t<td class=\"column-1\"><center><strong>17:05<\/strong><\/center><\/td><td class=\"column-2\">Mobile Warfare: Weaponizing Smartphones in Modern Conflicts<\/td><td class=\"column-3\"><\/td><td class=\"column-4\">Bruno Sena<\/td>\n<\/tr>\n<tr class=\"row-12\">\n\t<td class=\"column-1\"><center><strong>17:50<\/strong><\/center><\/td><td class=\"column-2\">Sorteio MobSec Crew<\/td><td class=\"column-3\"><\/td><td class=\"column-4\"><\/td>\n<\/tr>\n<tr class=\"row-13\">\n\t<td class=\"column-1\"><center><strong>18:30<\/strong><\/center><\/td><td colspan=\"3\" class=\"column-2\"><center><strong>Encerramento e sorteios<\/strong><\/center><\/td>\n<\/tr>\n<\/tbody>\n<\/table>\n<!-- #tablepress-39 from cache -->","protected":false},"excerpt":{"rendered":"","protected":false},"author":1,"featured_media":0,"parent":0,"menu_order":0,"comment_status":"closed","ping_status":"closed","template":"","meta":{"neve_meta_sidebar":"","neve_meta_container":"","neve_meta_enable_content_width":"","neve_meta_content_width":0,"neve_meta_title_alignment":"","neve_meta_author_avatar":"","neve_post_elements_order":"","neve_meta_disable_header":"","neve_meta_disable_footer":"","neve_meta_disable_title":"","footnotes":""},"class_list":["post-2332","page","type-page","status-publish","hentry"],"_links":{"self":[{"href":"https:\/\/securitybsides.com.br\/2026\/wp-json\/wp\/v2\/pages\/2332","targetHints":{"allow":["GET"]}}],"collection":[{"href":"https:\/\/securitybsides.com.br\/2026\/wp-json\/wp\/v2\/pages"}],"about":[{"href":"https:\/\/securitybsides.com.br\/2026\/wp-json\/wp\/v2\/types\/page"}],"author":[{"embeddable":true,"href":"https:\/\/securitybsides.com.br\/2026\/wp-json\/wp\/v2\/users\/1"}],"replies":[{"embeddable":true,"href":"https:\/\/securitybsides.com.br\/2026\/wp-json\/wp\/v2\/comments?post=2332"}],"version-history":[{"count":1,"href":"https:\/\/securitybsides.com.br\/2026\/wp-json\/wp\/v2\/pages\/2332\/revisions"}],"predecessor-version":[{"id":2333,"href":"https:\/\/securitybsides.com.br\/2026\/wp-json\/wp\/v2\/pages\/2332\/revisions\/2333"}],"wp:attachment":[{"href":"https:\/\/securitybsides.com.br\/2026\/wp-json\/wp\/v2\/media?parent=2332"}],"curies":[{"name":"wp","href":"https:\/\/api.w.org\/{rel}","templated":true}]}}