{"id":2334,"date":"2026-05-04T23:32:45","date_gmt":"2026-05-05T02:32:45","guid":{"rendered":"https:\/\/securitybsides.com.br\/2026\/?page_id=2334"},"modified":"2026-05-04T23:32:45","modified_gmt":"2026-05-05T02:32:45","slug":"osint-village","status":"publish","type":"page","link":"https:\/\/securitybsides.com.br\/2026\/osint-village\/","title":{"rendered":"OSINT Village"},"content":{"rendered":"\n<table id=\"tablepress-33\" class=\"tablepress tablepress-id-33 tbody-has-connected-cells\">\n<thead>\n<tr class=\"row-1\">\n\t<th class=\"column-1\"><center><strong>Hor\u00e1rio<\/strong><\/center><\/th><th class=\"column-2\"><center><strong>T\u00edtulo<\/strong><\/center><\/th><th class=\"column-3\"><center><strong>Descri\u00e7\u00e3o<\/strong><\/center><\/th><th class=\"column-4\"><center><strong>Palestrante<\/strong><\/center><\/th>\n<\/tr>\n<\/thead>\n<tbody class=\"row-striping row-hover\">\n<tr class=\"row-2\">\n\t<td class=\"column-1\"><center><strong>10:45<\/strong><\/center><\/td><td colspan=\"3\" class=\"column-2\"><center><strong>Abertura<\/center><\/strong><\/td>\n<\/tr>\n<tr class=\"row-3\">\n\t<td class=\"column-1\"><center><strong>11:00<\/strong><\/center><\/td><td class=\"column-2\">OSINT &amp; IA: Ca\u00e7ando Dados com Intelig\u00eancia<\/td><td class=\"column-3\">Professor universit\u00e1rio, Palestrante e pesquisador na \u00e1rea de Seguran\u00e7a da Computa\u00e7\u00e3o, com atua\u00e7\u00e3o em diversas \u00e1reas com especializa\u00e7\u00e3o em Ciberseguran\u00e7a. Possui mais de 15 anos experi\u00eancia profissional voltado principalmente em gest\u00e3o de TI e seguran\u00e7a da informa\u00e7\u00e3o, dedicando-se \u00e0 forma\u00e7\u00e3o de profissionais com foco t\u00e9cnico e vis\u00e3o estrat\u00e9gica. Tamb\u00e9m desenvolve pesquisas relacionadas \u00e0 intelig\u00eancia artificial e privacidade, al\u00e9m de produzir materiais did\u00e1ticos, livros e projetos voltados \u00e0 educa\u00e7\u00e3o em tecnologia, autor do livro GUARDI\u00c3O CIBERN\u00c9TICO: Guia de Ciberseguran\u00e7a para Iniciantes que est\u00e1 sendo vendido na amazon.<\/td><td class=\"column-4\"><a href=\"http:\/\/www.linkedin.com\/in\/geovane-oliveira-81246674\" target=\"_blank\">Prf.:Geovane<\/a> \/ Maskot-DF<\/td>\n<\/tr>\n<tr class=\"row-4\">\n\t<td class=\"column-1\"><center><strong>11:45<\/strong><\/center><\/td><td class=\"column-2\">Voc\u00ea n\u00e3o sabe OSINT. Voc\u00ea sabe usar ferramentas<\/td><td class=\"column-3\">Lucas Moreira, nascido em Pirituba e morando em S\u00e3o Paulo, atua h\u00e1 mais de 15 anos na \u00e1rea de TI, com foco em Engenharia Social, Investiga\u00e7\u00f5es Digitais e OSINT.<br \/>\n\u00c9 CEO da InvestigaOSINT, a primeira plataforma de CTF de OSINT do Brasil, criada para quem quer aprender na pr\u00e1tica. <br \/>\nTamb\u00e9m \u00e9 professor de Engenharia Social, Investiga\u00e7\u00e3o Digital e OSINT, formando pessoas para o mundo real, n\u00e3o s\u00f3 para a teoria.<br \/>\nAtua diretamente em investiga\u00e7\u00f5es de fraudes e vazamentos de informa\u00e7\u00e3o, trazendo uma vis\u00e3o pr\u00e1tica de como os ataques realmente acontecem.<br \/>\nHoje, aprofunda seus estudos em neuroci\u00eancia para decifrar padr\u00f5es de comportamento, tomada de decis\u00e3o e vulnerabilidades cognitivas \u2014 aplicando esse conhecimento diretamente em OSINT e engenharia social. Porque antes de explorar sistemas\u2026 \u00e9 preciso entender como explorar a mente.<br \/>\nJ\u00e1 palestrou em eventos como Mind The Sec, BSides, BxSec e Hacking na Web, onde compartilha experi\u00eancias reais e mostra, na pr\u00e1tica, que o elo mais fraco da seguran\u00e7a n\u00e3o \u00e9 a tecnologia\u2026 s\u00e3o as pessoas.<\/td><td class=\"column-4\"><a href=\"https:\/\/www.linkedin.com\/in\/lucasmoreiraa\/\" target=\"_blank\">Lucas Moreira<\/a><\/td>\n<\/tr>\n<tr class=\"row-5\">\n\t<td class=\"column-1\"><center><strong>12:25<\/strong><\/center><\/td><td colspan=\"3\" class=\"column-2\"><center><strong>Almo\u00e7o<\/strong><\/center><\/td>\n<\/tr>\n<tr class=\"row-6\">\n\t<td class=\"column-1\"><center><strong>13:40<\/strong><\/center><\/td><td class=\"column-2\">CTI n\u00e3o \u00e9 M\u00e3e Din\u00e1h: troque a bola de cristal pelo MITRE ATT&amp;CK<\/td><td class=\"column-3\">Especialista em Cyber Threat Intelligence que atua h\u00e1 5 anos na \u00e1rea, com experi\u00eancia em identificar, analisar e mitigar amea\u00e7as cibern\u00e9ticas para fortalecer a resili\u00eancia de organiza\u00e7\u00f5es frente a advers\u00e1rios cada vez mais sofisticados. J\u00e1 atuou com diversas frentes em Cyber, como: MSS, SOC, Forense Computacional e CSIRT (Incident Response). Cientista da Computa\u00e7\u00e3o p\u00f3s-graduado em Seguran\u00e7a da Informa\u00e7\u00e3o, apaixonado por ci\u00eancia e tecnologia que legenda conte\u00fado nas horas vagas.<\/td><td class=\"column-4\"><a href=\"https:\/\/www.linkedin.com\/in\/renan-moreira-de-lima\/\" target=\"_blank\">Renan Moreira<\/a><\/td>\n<\/tr>\n<tr class=\"row-7\">\n\t<td class=\"column-1\"><center><strong>14:25<\/strong><\/center><\/td><td class=\"column-2\">Engenharia de OPSEC e Redu\u00e7\u00e3o de Atribui\u00e7\u00e3o  Fundamentos T\u00e9cnicos, Modelos de Amea\u00e7a e Disciplina Operacional<\/td><td class=\"column-3\">Pesquisador em seguran\u00e7a da informa\u00e7\u00e3o, com atua\u00e7\u00e3o em OPSEC, privacidade, investiga\u00e7\u00f5es digitais e opera\u00e7\u00f5es de seguran\u00e7a ofensiva. Especialista em Seguran\u00e7a Cibern\u00e9tica (MBA Executivo) e Gradua\u00e7\u00e3o em An\u00e1lise e Desenvolvimento de Sistemas.<\/td><td class=\"column-4\"><a href=\"https:\/\/www.linkedin.com\/in\/teraverso\" target=\"_blank\">Edson Ferreira<\/a><\/td>\n<\/tr>\n<tr class=\"row-8\">\n\t<td class=\"column-1\"><center><strong>15:10<\/strong><\/center><\/td><td class=\"column-2\">Fazendo OSINT em Perfis no X\/Twitter com F12, IA e Tampermonkey<\/td><td class=\"column-3\">Auditor de Controle Externo no TCE-SP. Especialista em Intelig\u00eancia e Investiga\u00e7\u00e3o em Fontes Abertas (OSINT) pela Faculdade Brasileira de Inova\u00e7\u00e3o FABIN \/ WB Educa\u00e7\u00e3o. Especializa\u00e7\u00e3o Latu Sensu em Direito P\u00fablico pelas Faculdades Integradas do Brasil (Unibrasil-PR) \/ Escola da Magistratura Federal do Paran\u00e1 e especializa\u00e7\u00e3o em Administra\u00e7\u00e3o, MBA em Gest\u00e3o P\u00fablica, com \u00eanfase em Controle Externo pela FAE(PR). Bacharel em Direito pelo Centro Universit\u00e1rio Curitiba &#8211; UNICURITIBA\/PR e advogado. Professor da WB Educa\u00e7\u00e3o nas mat\u00e9rias de raspagem de dados e OSINT financeira e patrimonial.<\/td><td class=\"column-4\"><a href=\"https:\/\/www.linkedin.com\/in\/prof-willian-wistuba\/\" target=\"_blank\">Willian Wistuba<\/a><\/td>\n<\/tr>\n<tr class=\"row-9\">\n\t<td class=\"column-1\"><center><strong>15:50<\/strong><\/center><\/td><td colspan=\"3\" class=\"column-2\"><center><strong>Intervalo<\/strong><\/center><\/td>\n<\/tr>\n<tr class=\"row-10\">\n\t<td class=\"column-1\"><center><strong>16:20<\/strong><\/center><\/td><td class=\"column-2\">Telegram Intelligence<\/td><td class=\"column-3\">Especialista em Cyber Threat Intelligence com passagem por \u00e1reas ofensivas como Red Team e Purple Team. Realizo consultorias e treinamentos voltados para os setores p\u00fablico e privado e, atualmente, desenvolvo uma nova solu\u00e7\u00e3o para o setor de intelig\u00eancia OODA INTEL.<\/td><td class=\"column-4\"><a href=\"https:\/\/www.linkedin.com\/in\/j%C3%BAlio-rodrigues\/\" target=\"_blank\">JC GreenMind<\/a><\/td>\n<\/tr>\n<tr class=\"row-11\">\n\t<td class=\"column-1\"><center><strong>17:05<\/strong><\/center><\/td><td class=\"column-2\">Far Beyond Driven: Investigating ICS Incidents with AI<\/td><td class=\"column-3\">Com mais de 10 anos de experi\u00eancia em Ciberseguran\u00e7a, atuando como consultor, em Gest\u00e3o de Vulnerabilidades, liderando times de CERT, Resposta a Incidentes e Engenharia de Detec\u00e7\u00e3o com foco em Amea\u00e7as Cibern\u00e9tica, onde  meu cargo atualmente \u00e9 de Analista de SOC com focom em  Sistema de Controle Industrial na Norsk Hydro a mais de 3 anos.<br \/>\nFormado em Analise de sistemas, P\u00f3s Gradudo em Per\u00edcia Forense, Certificado ISA 62443<\/td><td class=\"column-4\"><a href=\"https:\/\/www.linkedin.com\/in\/andreevianna\/\" target=\"_blank\">Andre Vianna<\/a><\/td>\n<\/tr>\n<tr class=\"row-12\">\n\t<td class=\"column-1\"><center><strong>17:50<\/strong><\/center><\/td><td class=\"column-2\">OSINT Cloud Lab<\/td><td class=\"column-3\">Graduando em Defesa cibern\u00e9tica na Impacta tecnologia. Gosto muito de OSINT e investiga\u00e7\u00e3o digital no geral, e tenho uma proposta boa para OSINT em cloud que pode ser extremamente \u00fatil para investiga\u00e7\u00f5es r\u00e1pidas e funcionais sem precisar instalar nada manualmente ou instalar VM ou baixar em host local, tudo utiliz\u00e1vel e descart\u00e1vel. N\u00e3o participarei em palestras, mas quero acrescentar essa ideia aqui, pode ser \u00fatil em aulas de OSINT futuras, p\u00f3s gradua\u00e7\u00f5es ou cursos gerais em cloud. Caso tenham interesse em ideias semelhantes ou para otimizar investiga\u00e7\u00f5es, podem entrar em contato comigo via Whatsapp ou e-mail.<\/td><td class=\"column-4\"><a href=\"https:\/\/www.linkedin.com\/in\/pedro-deivid-032200261\/\" target=\"_blank\">Pedro<\/a><\/td>\n<\/tr>\n<tr class=\"row-13\">\n\t<td class=\"column-1\"><center><strong>18:30<\/strong><\/center><\/td><td colspan=\"3\" class=\"column-2\"><center><strong>Encerramento e sorteios<\/strong><\/center><\/td>\n<\/tr>\n<\/tbody>\n<\/table>\n<!-- #tablepress-33 from cache -->","protected":false},"excerpt":{"rendered":"","protected":false},"author":1,"featured_media":0,"parent":0,"menu_order":0,"comment_status":"closed","ping_status":"closed","template":"","meta":{"neve_meta_sidebar":"","neve_meta_container":"","neve_meta_enable_content_width":"","neve_meta_content_width":0,"neve_meta_title_alignment":"","neve_meta_author_avatar":"","neve_post_elements_order":"","neve_meta_disable_header":"","neve_meta_disable_footer":"","neve_meta_disable_title":"","footnotes":""},"class_list":["post-2334","page","type-page","status-publish","hentry"],"_links":{"self":[{"href":"https:\/\/securitybsides.com.br\/2026\/wp-json\/wp\/v2\/pages\/2334","targetHints":{"allow":["GET"]}}],"collection":[{"href":"https:\/\/securitybsides.com.br\/2026\/wp-json\/wp\/v2\/pages"}],"about":[{"href":"https:\/\/securitybsides.com.br\/2026\/wp-json\/wp\/v2\/types\/page"}],"author":[{"embeddable":true,"href":"https:\/\/securitybsides.com.br\/2026\/wp-json\/wp\/v2\/users\/1"}],"replies":[{"embeddable":true,"href":"https:\/\/securitybsides.com.br\/2026\/wp-json\/wp\/v2\/comments?post=2334"}],"version-history":[{"count":1,"href":"https:\/\/securitybsides.com.br\/2026\/wp-json\/wp\/v2\/pages\/2334\/revisions"}],"predecessor-version":[{"id":2335,"href":"https:\/\/securitybsides.com.br\/2026\/wp-json\/wp\/v2\/pages\/2334\/revisions\/2335"}],"wp:attachment":[{"href":"https:\/\/securitybsides.com.br\/2026\/wp-json\/wp\/v2\/media?parent=2334"}],"curies":[{"name":"wp","href":"https:\/\/api.w.org\/{rel}","templated":true}]}}