{"id":2336,"date":"2026-05-04T23:33:34","date_gmt":"2026-05-05T02:33:34","guid":{"rendered":"https:\/\/securitybsides.com.br\/2026\/?page_id=2336"},"modified":"2026-05-04T23:33:34","modified_gmt":"2026-05-05T02:33:34","slug":"quantum-village-br","status":"publish","type":"page","link":"https:\/\/securitybsides.com.br\/2026\/quantum-village-br\/","title":{"rendered":"Quantum Village BR"},"content":{"rendered":"\n<table id=\"tablepress-38\" class=\"tablepress tablepress-id-38 tbody-has-connected-cells\">\n<thead>\n<tr class=\"row-1\">\n\t<th class=\"column-1\"><center><strong>Hor\u00e1rio<\/strong><\/center><\/th><th class=\"column-2\"><center><strong>T\u00edtulo<\/strong><\/center><\/th><th class=\"column-3\"><center><strong>Descri\u00e7\u00e3o<\/strong><\/center><\/th><th class=\"column-4\"><center><strong>Palestrante<\/strong><\/center><\/th>\n<\/tr>\n<\/thead>\n<tbody class=\"row-striping row-hover\">\n<tr class=\"row-2\">\n\t<td class=\"column-1\"><center><strong>10:45<\/strong><\/center><\/td><td colspan=\"3\" class=\"column-2\"><center><strong>Abertura<\/center><\/strong><\/td>\n<\/tr>\n<tr class=\"row-3\">\n\t<td class=\"column-1\"><center><strong>11:00<\/strong><\/center><\/td><td class=\"column-2\">Cen\u00e1rio da computa\u00e7\u00e3o qu\u00e2ntica e demonstra\u00e7\u00e3o do computador qu\u00e2ntico do  open source<\/td><td class=\"column-3\"><\/td><td class=\"column-4\">Paula Papis, In\u00eas Brosso e Samuel Rufino<\/td>\n<\/tr>\n<tr class=\"row-4\">\n\t<td class=\"column-1\"><center><strong>11:45<\/strong><\/center><\/td><td class=\"column-2\">Cen\u00e1rio da computa\u00e7\u00e3o qu\u00e2ntica e demonstra\u00e7\u00e3o do computador qu\u00e2ntico do  open source<\/td><td class=\"column-3\"><\/td><td class=\"column-4\">Luciano Carolino<\/td>\n<\/tr>\n<tr class=\"row-5\">\n\t<td class=\"column-1\"><center><strong>12:25<\/strong><\/center><\/td><td colspan=\"3\" class=\"column-2\"><center><strong>Almo\u00e7o<\/strong><\/center><\/td>\n<\/tr>\n<tr class=\"row-6\">\n\t<td class=\"column-1\"><center><strong>13:40<\/strong><\/center><\/td><td class=\"column-2\">Q-Day: O dia em que a seguran\u00e7a digital poder\u00e1 quebrar<\/td><td class=\"column-3\"><\/td><td class=\"column-4\">Luigi Polidorio<\/td>\n<\/tr>\n<tr class=\"row-7\">\n\t<td class=\"column-1\"><center><strong>14:25<\/strong><\/center><\/td><td class=\"column-2\">Harvest Now, Decrypt Later: Riscos Qu\u00e2nticos e Estrat\u00e9gias de Transi\u00e7\u00e3o Criptogr\u00e1fica para Setores Cr\u00edticos Brasileiros<\/td><td class=\"column-3\"><\/td><td class=\"column-4\">Neto<\/td>\n<\/tr>\n<tr class=\"row-8\">\n\t<td class=\"column-1\"><center><strong>15:10<\/strong><\/center><\/td><td class=\"column-2\">QKD vs. PQC: A nova era de defesa no mundo da  Cyber<\/td><td class=\"column-3\"><\/td><td class=\"column-4\">Dany Nazar\u00e9<\/td>\n<\/tr>\n<tr class=\"row-9\">\n\t<td class=\"column-1\"><center><strong>15:50<\/strong><\/center><\/td><td colspan=\"3\" class=\"column-2\"><center><strong>Intervalo<\/strong><\/center><\/td>\n<\/tr>\n<tr class=\"row-10\">\n\t<td class=\"column-1\"><center><strong>16:20<\/strong><\/center><\/td><td class=\"column-2\">Grover e o fim do AES: mito ou realidade?<\/td><td class=\"column-3\"><\/td><td class=\"column-4\">Lucas Zanoni<\/td>\n<\/tr>\n<tr class=\"row-11\">\n\t<td class=\"column-1\"><center><strong>17:05<\/strong><\/center><\/td><td class=\"column-2\">You Can&#8217;t Clone a Qubit \u2014 Unless You Encrypt It First!<\/td><td class=\"column-3\"><\/td><td class=\"column-4\">Jullyano Lino<\/td>\n<\/tr>\n<tr class=\"row-12\">\n\t<td class=\"column-1\"><center><strong>17:50<\/strong><\/center><\/td><td class=\"column-2\">ML-KEM-768 na pr\u00e1tica: implementa\u00e7\u00e3o, medi\u00e7\u00e3o e o que o KyberSlash ensina<\/td><td class=\"column-3\"><\/td><td class=\"column-4\">Rayane Pimentel<\/td>\n<\/tr>\n<tr class=\"row-13\">\n\t<td class=\"column-1\"><center><strong>18:30<\/strong><\/center><\/td><td colspan=\"3\" class=\"column-2\"><center><strong>Encerramento e sorteios<\/strong><\/center><\/td>\n<\/tr>\n<\/tbody>\n<\/table>\n<!-- #tablepress-38 from cache -->","protected":false},"excerpt":{"rendered":"","protected":false},"author":1,"featured_media":0,"parent":0,"menu_order":0,"comment_status":"closed","ping_status":"closed","template":"","meta":{"neve_meta_sidebar":"","neve_meta_container":"","neve_meta_enable_content_width":"","neve_meta_content_width":0,"neve_meta_title_alignment":"","neve_meta_author_avatar":"","neve_post_elements_order":"","neve_meta_disable_header":"","neve_meta_disable_footer":"","neve_meta_disable_title":"","footnotes":""},"class_list":["post-2336","page","type-page","status-publish","hentry"],"_links":{"self":[{"href":"https:\/\/securitybsides.com.br\/2026\/wp-json\/wp\/v2\/pages\/2336","targetHints":{"allow":["GET"]}}],"collection":[{"href":"https:\/\/securitybsides.com.br\/2026\/wp-json\/wp\/v2\/pages"}],"about":[{"href":"https:\/\/securitybsides.com.br\/2026\/wp-json\/wp\/v2\/types\/page"}],"author":[{"embeddable":true,"href":"https:\/\/securitybsides.com.br\/2026\/wp-json\/wp\/v2\/users\/1"}],"replies":[{"embeddable":true,"href":"https:\/\/securitybsides.com.br\/2026\/wp-json\/wp\/v2\/comments?post=2336"}],"version-history":[{"count":1,"href":"https:\/\/securitybsides.com.br\/2026\/wp-json\/wp\/v2\/pages\/2336\/revisions"}],"predecessor-version":[{"id":2337,"href":"https:\/\/securitybsides.com.br\/2026\/wp-json\/wp\/v2\/pages\/2336\/revisions\/2337"}],"wp:attachment":[{"href":"https:\/\/securitybsides.com.br\/2026\/wp-json\/wp\/v2\/media?parent=2336"}],"curies":[{"name":"wp","href":"https:\/\/api.w.org\/{rel}","templated":true}]}}