{"id":2340,"date":"2026-05-04T23:34:24","date_gmt":"2026-05-05T02:34:24","guid":{"rendered":"https:\/\/securitybsides.com.br\/2026\/?page_id=2340"},"modified":"2026-05-04T23:34:24","modified_gmt":"2026-05-05T02:34:24","slug":"car-hacking-village","status":"publish","type":"page","link":"https:\/\/securitybsides.com.br\/2026\/car-hacking-village\/","title":{"rendered":"Car Hacking Village"},"content":{"rendered":"\n<table id=\"tablepress-28\" class=\"tablepress tablepress-id-28 tbody-has-connected-cells\">\n<thead>\n<tr class=\"row-1\">\n\t<th class=\"column-1\"><center><strong>Hor\u00e1rio<\/strong><\/center><\/th><th class=\"column-2\"><center><strong>T\u00edtulo<\/strong><\/center><\/th><th class=\"column-3\"><center><strong>Descri\u00e7\u00e3o<\/strong><\/center><\/th><th class=\"column-4\"><center><strong>Palestrante<\/strong><\/center><\/th>\n<\/tr>\n<\/thead>\n<tbody class=\"row-striping row-hover\">\n<tr class=\"row-2\">\n\t<td class=\"column-1\"><center><strong>10:45<\/strong><\/center><\/td><td colspan=\"3\" class=\"column-2\"><center><strong>Abertura<\/center><\/strong><\/td>\n<\/tr>\n<tr class=\"row-3\">\n\t<td class=\"column-1\"><center><strong>11:00<\/strong><\/center><\/td><td rowspan=\"2\" class=\"column-2\">Workshop &#8211; Introdu\u00e7\u00e3o a engenharia reversa de CAN bus<\/td><td rowspan=\"2\" class=\"column-3\">Treinamento pr\u00e1tico de intercepta\u00e7\u00e3o e inje\u00e7\u00e3o de dados em redes CAN Bus. Ser\u00e3o abordados conceitos b\u00e1sicos de CAN Bus e sistemas embarcados.<\/td><td rowspan=\"2\" class=\"column-4\">Leandro Braga<\/td>\n<\/tr>\n<tr class=\"row-4\">\n\t<td class=\"column-1\"><center><strong>11:45<\/strong><\/center><\/td>\n<\/tr>\n<tr class=\"row-5\">\n\t<td class=\"column-1\"><center><strong>12:25<\/strong><\/center><\/td><td colspan=\"3\" class=\"column-2\"><center><strong>Almo\u00e7o<\/strong><\/center><\/td>\n<\/tr>\n<tr class=\"row-6\">\n\t<td class=\"column-1\"><center><strong>13:40<\/strong><\/center><\/td><td rowspan=\"3\" class=\"column-2\">Workshop &#8211; Introdu\u00e7\u00e3o a engenharia reversa de CAN bus<\/td><td rowspan=\"3\" class=\"column-3\">Treinamento pr\u00e1tico de intercepta\u00e7\u00e3o e inje\u00e7\u00e3o de dados em redes CAN Bus. Ser\u00e3o abordados conceitos b\u00e1sicos de CAN Bus e sistemas embarcados.<\/td><td rowspan=\"3\" class=\"column-4\">Leandro Braga<\/td>\n<\/tr>\n<tr class=\"row-7\">\n\t<td class=\"column-1\"><center><strong>14:25<\/strong><\/center><\/td>\n<\/tr>\n<tr class=\"row-8\">\n\t<td class=\"column-1\"><center><strong>15:10<\/strong><\/center><\/td>\n<\/tr>\n<tr class=\"row-9\">\n\t<td class=\"column-1\"><center><strong>15:50<\/strong><\/center><\/td><td colspan=\"3\" class=\"column-2\"><center><strong>Intervalo<\/strong><\/center><\/td>\n<\/tr>\n<tr class=\"row-10\">\n\t<td class=\"column-1\"><center><strong>16:20<\/strong><\/center><\/td><td rowspan=\"3\" class=\"column-2\">Perdi meu controle: usando engenharia reversa de CAN Bus para jogar Mario Kart com um carro<\/td><td rowspan=\"3\" class=\"column-3\">Esta palestra apresenta um exemplo pr\u00e1tico sobre a manipula\u00e7\u00e3o de dados do barramento CAN via OBD-II. O foco \u00e9 demonstrar, de forma pr\u00e1tica e divertida, como identificar CAN IDs referentes ao volante, acelerador e freio, e traduzi-los em comandos do jogo usando dispositivos baratos e simples (ESP32 e MCP2515). Sera abordado conceitos de hardware hacking, an\u00e1lise de protocolos e integra\u00e7\u00e3o com Python, mostrando que a engenharia reversa de CAN bus pode ser criativa e divertida.<\/td><td rowspan=\"3\" class=\"column-4\">Leandro Braga<\/td>\n<\/tr>\n<tr class=\"row-11\">\n\t<td class=\"column-1\"><center><strong>17:05<\/strong><\/center><\/td>\n<\/tr>\n<tr class=\"row-12\">\n\t<td class=\"column-1\"><center><strong>17:50<\/strong><\/center><\/td>\n<\/tr>\n<tr class=\"row-13\">\n\t<td class=\"column-1\"><center><strong>18:30<\/strong><\/center><\/td><td colspan=\"3\" class=\"column-2\"><center><strong>Encerramento e sorteios<\/strong><\/center><\/td>\n<\/tr>\n<\/tbody>\n<\/table>\n<!-- #tablepress-28 from cache -->","protected":false},"excerpt":{"rendered":"","protected":false},"author":1,"featured_media":0,"parent":0,"menu_order":0,"comment_status":"closed","ping_status":"closed","template":"","meta":{"neve_meta_sidebar":"","neve_meta_container":"","neve_meta_enable_content_width":"","neve_meta_content_width":0,"neve_meta_title_alignment":"","neve_meta_author_avatar":"","neve_post_elements_order":"","neve_meta_disable_header":"","neve_meta_disable_footer":"","neve_meta_disable_title":"","footnotes":""},"class_list":["post-2340","page","type-page","status-publish","hentry"],"_links":{"self":[{"href":"https:\/\/securitybsides.com.br\/2026\/wp-json\/wp\/v2\/pages\/2340","targetHints":{"allow":["GET"]}}],"collection":[{"href":"https:\/\/securitybsides.com.br\/2026\/wp-json\/wp\/v2\/pages"}],"about":[{"href":"https:\/\/securitybsides.com.br\/2026\/wp-json\/wp\/v2\/types\/page"}],"author":[{"embeddable":true,"href":"https:\/\/securitybsides.com.br\/2026\/wp-json\/wp\/v2\/users\/1"}],"replies":[{"embeddable":true,"href":"https:\/\/securitybsides.com.br\/2026\/wp-json\/wp\/v2\/comments?post=2340"}],"version-history":[{"count":1,"href":"https:\/\/securitybsides.com.br\/2026\/wp-json\/wp\/v2\/pages\/2340\/revisions"}],"predecessor-version":[{"id":2341,"href":"https:\/\/securitybsides.com.br\/2026\/wp-json\/wp\/v2\/pages\/2340\/revisions\/2341"}],"wp:attachment":[{"href":"https:\/\/securitybsides.com.br\/2026\/wp-json\/wp\/v2\/media?parent=2340"}],"curies":[{"name":"wp","href":"https:\/\/api.w.org\/{rel}","templated":true}]}}