{"id":2447,"date":"2026-05-11T19:29:21","date_gmt":"2026-05-11T22:29:21","guid":{"rendered":"https:\/\/securitybsides.com.br\/2026\/?page_id=2447"},"modified":"2026-05-11T19:29:21","modified_gmt":"2026-05-11T22:29:21","slug":"4kids","status":"publish","type":"page","link":"https:\/\/securitybsides.com.br\/2026\/4kids\/","title":{"rendered":"4Kids"},"content":{"rendered":"\n<p>A village ir\u00e1 ter atividade durante todo o dia com:<\/p>\n\n\n\n<ul class=\"wp-block-list\">\n<li>Cria\u00e7\u00e3o de jogos e fabrica\u00e7\u00e3o do pr\u00f3prio controlador (s\u00f3 chegar)<\/li>\n\n\n\n<li>Fabrica\u00e7\u00e3o de rob\u00f4s com motores<\/li>\n\n\n\n<li>\u2060Gerador de energia e\u00f3lica e solar<\/li>\n\n\n\n<li>Lockpicking<\/li>\n\n\n\n<li>\u2060Cifras e mist\u00e9rios<\/li>\n\n\n\n<li>Jogos de tabuleiro<\/li>\n<\/ul>\n\n\n\n<table id=\"tablepress-51\" class=\"tablepress tablepress-id-51 tbody-has-connected-cells\">\n<thead>\n<tr class=\"row-1\">\n\t<th class=\"column-1\"><center><strong>Hor\u00e1rio<\/strong><\/center><\/th><th class=\"column-2\"><center><strong>T\u00edtulo<\/strong><\/center><\/th><th class=\"column-3\"><center><strong>Descri\u00e7\u00e3o<\/strong><\/center><\/th><th class=\"column-4\"><center><strong>Palestrante<\/strong><\/center><\/th>\n<\/tr>\n<\/thead>\n<tbody class=\"row-striping row-hover\">\n<tr class=\"row-2\">\n\t<td class=\"column-1\"><center><strong>10:45<\/strong><\/center><\/td><td colspan=\"3\" class=\"column-2\"><center><strong>Abertura<\/center><\/strong><\/td>\n<\/tr>\n<tr class=\"row-3\">\n\t<td class=\"column-1\"><center><strong>11:00<\/strong><\/center><\/td><td class=\"column-2\">Cibernautas &#8211; apresenta\u00e7\u00e3o<\/td><td class=\"column-3\"><\/td><td class=\"column-4\"><\/td>\n<\/tr>\n<tr class=\"row-4\">\n\t<td class=\"column-1\"><center><strong>11:45<\/strong><\/center><\/td><td class=\"column-2\">\u2022\u2060  \u2060Cria\u00e7\u00e3o de jogos e fabrica\u00e7\u00e3o do pr\u00f3prio controlador (s\u00f3 chegar)<br \/>\n\u2022\u2060  \u2060fabrica\u00e7\u00e3o de rob\u00f4s com motores<br \/>\n\u2022\u2060  \u2060gerador de energia e\u00f3lica e solar<br \/>\n\u2022\u2060  \u2060Lockpicking<br \/>\n\u2022\u2060  \u2060Cifras e mist\u00e9rios<br \/>\n\u2022\u2060  \u2060Jogos de tabuleiro <\/td><td class=\"column-3\"><\/td><td class=\"column-4\"><\/td>\n<\/tr>\n<tr class=\"row-5\">\n\t<td class=\"column-1\"><center><strong>12:25<\/strong><\/center><\/td><td colspan=\"3\" class=\"column-2\"><center><strong>Almo\u00e7o<\/strong><\/center><\/td>\n<\/tr>\n<tr class=\"row-6\">\n\t<td class=\"column-1\"><center><strong>13:40<\/strong><\/center><\/td><td class=\"column-2\">\u2022\u2060  \u2060Cria\u00e7\u00e3o de jogos e fabrica\u00e7\u00e3o do pr\u00f3prio controlador (s\u00f3 chegar)<br \/>\n\u2022\u2060  \u2060fabrica\u00e7\u00e3o de rob\u00f4s com motores<br \/>\n\u2022\u2060  \u2060gerador de energia e\u00f3lica e solar<br \/>\n\u2022\u2060  \u2060Lockpicking<br \/>\n\u2022\u2060  \u2060Cifras e mist\u00e9rios<br \/>\n\u2022\u2060  \u2060Jogos de tabuleiro <\/td><td class=\"column-3\"><\/td><td class=\"column-4\"><\/td>\n<\/tr>\n<tr class=\"row-7\">\n\t<td class=\"column-1\"><center><strong>15:50<\/strong><\/center><\/td><td colspan=\"3\" class=\"column-2\"><center><strong>Intervalo<\/strong><\/center><\/td>\n<\/tr>\n<tr class=\"row-8\">\n\t<td class=\"column-1\"><center><strong>16:20<\/strong><\/center><\/td><td class=\"column-2\">\u2022\u2060  \u2060Cria\u00e7\u00e3o de jogos e fabrica\u00e7\u00e3o do pr\u00f3prio controlador (s\u00f3 chegar)<br \/>\n\u2022\u2060  \u2060fabrica\u00e7\u00e3o de rob\u00f4s com motores<br \/>\n\u2022\u2060  \u2060gerador de energia e\u00f3lica e solar<br \/>\n\u2022\u2060  \u2060Lockpicking<br \/>\n\u2022\u2060  \u2060Cifras e mist\u00e9rios<br \/>\n\u2022\u2060  \u2060Jogos de tabuleiro <\/td><td class=\"column-3\"><\/td><td class=\"column-4\"><\/td>\n<\/tr>\n<tr class=\"row-9\">\n\t<td class=\"column-1\"><center><strong>18:30<\/strong><\/center><\/td><td colspan=\"3\" class=\"column-2\"><center><strong>Encerramento e sorteios<\/strong><\/center><\/td>\n<\/tr>\n<\/tbody>\n<\/table>\n<!-- #tablepress-51 from cache -->","protected":false},"excerpt":{"rendered":"<p>A village ir\u00e1 ter atividade durante todo o dia com:<\/p>\n","protected":false},"author":1,"featured_media":0,"parent":0,"menu_order":0,"comment_status":"closed","ping_status":"closed","template":"","meta":{"neve_meta_sidebar":"","neve_meta_container":"","neve_meta_enable_content_width":"","neve_meta_content_width":0,"neve_meta_title_alignment":"","neve_meta_author_avatar":"","neve_post_elements_order":"","neve_meta_disable_header":"","neve_meta_disable_footer":"","neve_meta_disable_title":"","footnotes":""},"class_list":["post-2447","page","type-page","status-publish","hentry"],"_links":{"self":[{"href":"https:\/\/securitybsides.com.br\/2026\/wp-json\/wp\/v2\/pages\/2447","targetHints":{"allow":["GET"]}}],"collection":[{"href":"https:\/\/securitybsides.com.br\/2026\/wp-json\/wp\/v2\/pages"}],"about":[{"href":"https:\/\/securitybsides.com.br\/2026\/wp-json\/wp\/v2\/types\/page"}],"author":[{"embeddable":true,"href":"https:\/\/securitybsides.com.br\/2026\/wp-json\/wp\/v2\/users\/1"}],"replies":[{"embeddable":true,"href":"https:\/\/securitybsides.com.br\/2026\/wp-json\/wp\/v2\/comments?post=2447"}],"version-history":[{"count":1,"href":"https:\/\/securitybsides.com.br\/2026\/wp-json\/wp\/v2\/pages\/2447\/revisions"}],"predecessor-version":[{"id":2448,"href":"https:\/\/securitybsides.com.br\/2026\/wp-json\/wp\/v2\/pages\/2447\/revisions\/2448"}],"wp:attachment":[{"href":"https:\/\/securitybsides.com.br\/2026\/wp-json\/wp\/v2\/media?parent=2447"}],"curies":[{"name":"wp","href":"https:\/\/api.w.org\/{rel}","templated":true}]}}