{"id":685,"date":"2022-11-18T23:03:22","date_gmt":"2022-11-19T02:03:22","guid":{"rendered":"https:\/\/securitybsides.com.br\/2022\/?page_id=685"},"modified":"2026-04-26T23:30:55","modified_gmt":"2026-04-27T02:30:55","slug":"ctf","status":"publish","type":"page","link":"https:\/\/securitybsides.com.br\/2026\/ctf\/","title":{"rendered":"CTF"},"content":{"rendered":"\n<p class=\"has-text-align-center has-nv-c-2-color has-text-color has-link-color has-large-font-size wp-elements-a1efdec2d09afc5bbc0ffbaf07e98707\"><strong>CTF BSides SP 2026 \u2013 Regulamento e Funcionamento<\/strong><\/p>\n\n\n\n<div class=\"wp-block-buttons is-content-justification-center is-layout-flex wp-container-core-buttons-is-layout-16018d1d wp-block-buttons-is-layout-flex\">\n<div class=\"wp-block-button is-style-secondary\"><a class=\"wp-block-button__link has-nv-c-2-color has-text-color has-link-color has-text-align-center wp-element-button\" href=\"https:\/\/app.hackincariri.com.br\" target=\"_blank\" rel=\"noreferrer noopener\"><strong>Clique aqui para se inscrever e cadastrar seu time<\/strong><br><strong>Mas antes confira o regulamento abaixo<\/strong><\/a><\/div>\n<\/div>\n\n\n\n<div class=\"wp-block-group\"><div class=\"wp-block-group__inner-container is-layout-constrained wp-block-group-is-layout-constrained\">\n<ol class=\"wp-block-list\">\n<li><strong>Vis\u00e3o Geral<\/strong><\/li>\n<\/ol>\n<\/div><\/div>\n\n\n\n<ol class=\"wp-block-list\"><\/ol>\n\n\n\n<p><strong>O Capture The Flag (CTF) da BSidesSP 2026 ser\u00e1 dividido em duas etapas:<\/strong><\/p>\n\n\n\n<p><strong>1.1 Fase Classificat\u00f3ria (online)<br>1.2 Grande Final (presencial)<\/strong><\/p>\n\n\n\n<p>Os times poder\u00e3o ser formados por at\u00e9 4 integrantes. A forma\u00e7\u00e3o da equipe definida na fase classificat\u00f3ria dever\u00e1 ser mantida at\u00e9 a final, utilizando a mesma conta de acesso (usu\u00e1rio e senha) da equipe.<\/p>\n\n\n\n<p>N\u00e3o \u00e9 permitido o uso de ajuda externa. Equipes que descumprirem essa regra poder\u00e3o ser desclassificadas.<\/p>\n\n\n\n<hr class=\"wp-block-separator has-alpha-channel-opacity\"\/>\n\n\n\n<ol start=\"2\" class=\"wp-block-list\">\n<li><strong>Fase Classificat\u00f3ria (Online)<\/strong><\/li>\n<\/ol>\n\n\n\n<p>O CTF ser\u00e1 realizado de forma online, atrav\u00e9s da plataforma do Hack in Cariri.<\/p>\n\n\n\n<p><strong>2.1 Hor\u00e1rios<\/strong><\/p>\n\n\n\n<p>De 5 de Maio as 18:00 at\u00e9 7 de Maio as 23:59.<\/p>\n\n\n\n<p>*Todo os dias desafios novos ser\u00e3o lan\u00e7ados na plataforma durante a etapa classificat\u00f3ria.<\/p>\n\n\n\n<p><strong>2.2 Regras da Classificat\u00f3ria<\/strong><\/p>\n\n\n\n<ul class=\"wp-block-list\">\n<li>N\u00e3o ser\u00e1 necess\u00e1rio realizar inscri\u00e7\u00e3o pr\u00e9via<\/li>\n\n\n\n<li>Basta criar uma conta na plataforma do Hack in Cariri<\/li>\n\n\n\n<li>N\u00e3o h\u00e1 limite de equipes participantes<\/li>\n\n\n\n<li>A participa\u00e7\u00e3o \u00e9 v\u00e1lida apenas dentro dos hor\u00e1rios definidos<\/li>\n\n\n\n<li>Cada equipe dever\u00e1 ter no m\u00e1ximo 4 integrantes, que ser\u00e3o os mesmos participantes da final<\/li>\n\n\n\n<li>N\u00e3o haver\u00e1 premia\u00e7\u00e3o nesta fase<\/li>\n<\/ul>\n\n\n\n<p><strong>2.3 Classifica\u00e7\u00e3o<\/strong><\/p>\n\n\n\n<ul class=\"wp-block-list\">\n<li>Apenas os 15 primeiros times no ranking ser\u00e3o classificados para a final presencial<\/li>\n<\/ul>\n\n\n\n<hr class=\"wp-block-separator has-alpha-channel-opacity\"\/>\n\n\n\n<ol start=\"3\" class=\"wp-block-list\">\n<li><strong>Grande Final (Presencial)<\/strong><\/li>\n<\/ol>\n\n\n\n<p>Realizada durante a BSidesSP<\/p>\n\n\n\n<p>Data: 16\/05 (s\u00e1bado)<br>Hor\u00e1rio: das 14h \u00e0s 19h<br>Dura\u00e7\u00e3o: 5 horas<\/p>\n\n\n\n<p><strong>3.1 Regras da Final<\/strong><\/p>\n\n\n\n<ul class=\"wp-block-list\">\n<li>Apenas equipes classificadas na etapa online (Top 15) poder\u00e3o participar<\/li>\n\n\n\n<li>Cada equipe ter\u00e1 um espa\u00e7o reservado no local<\/li>\n\n\n\n<li>O nome do time deve ser o mesmo da fase classificat\u00f3ria<\/li>\n\n\n\n<li>Os participantes devem ser os mesmos da fase online<\/li>\n\n\n\n<li>O acesso \u00e0 plataforma dever\u00e1 ser feito com a mesma conta utilizada na classificat\u00f3ria<\/li>\n\n\n\n<li>Os participantes dever\u00e3o estar inscritos na BSidesSP, no s\u00e1bado (16\/05, dia da competi\u00e7\u00e3o) e no domingo (17\/05, entrega dos pr\u00eamios). O link para inscri\u00e7\u00e3o no s\u00e1bado ser\u00e1 enviado exclusivamente para as equipes selecionadas.<\/li>\n<\/ul>\n\n\n\n<p><strong>3.2 Premia\u00e7\u00e3o<\/strong><\/p>\n\n\n\n<ul class=\"wp-block-list\">\n<li>Apenas os 3 primeiros colocados da etapa presencial ser\u00e3o premiados<\/li>\n\n\n\n<li>A premia\u00e7\u00e3o ser\u00e1 divulgada em breve<\/li>\n\n\n\n<li><strong>A divulga\u00e7\u00e3o dos vencedores e a entrega dos pr\u00eamios ocorrer\u00e3o na cerim\u00f4nia de encerramento da BSidesSP, no dia 17\/05<\/strong><\/li>\n<\/ul>\n\n\n\n<p><\/p>\n","protected":false},"excerpt":{"rendered":"<p>CTF BSides SP 2026 \u2013 Regulamento e Funcionamento O Capture The Flag (CTF) da BSidesSP 2026 ser\u00e1 dividido em duas etapas: 1.1 Fase Classificat\u00f3ria (online)1.2 Grande Final (presencial) Os times poder\u00e3o ser formados por at\u00e9 4 integrantes. A forma\u00e7\u00e3o da equipe definida na fase classificat\u00f3ria dever\u00e1 ser mantida at\u00e9 a final, utilizando a mesma conta&hellip;&nbsp;<a href=\"https:\/\/securitybsides.com.br\/2026\/ctf\/\" rel=\"bookmark\">Continue a ler &raquo;<span class=\"screen-reader-text\">CTF<\/span><\/a><\/p>\n","protected":false},"author":1,"featured_media":0,"parent":0,"menu_order":0,"comment_status":"closed","ping_status":"closed","template":"","meta":{"neve_meta_sidebar":"","neve_meta_container":"","neve_meta_enable_content_width":"","neve_meta_content_width":0,"neve_meta_title_alignment":"","neve_meta_author_avatar":"","neve_post_elements_order":"","neve_meta_disable_header":"","neve_meta_disable_footer":"","neve_meta_disable_title":"","footnotes":""},"class_list":["post-685","page","type-page","status-publish","hentry"],"_links":{"self":[{"href":"https:\/\/securitybsides.com.br\/2026\/wp-json\/wp\/v2\/pages\/685","targetHints":{"allow":["GET"]}}],"collection":[{"href":"https:\/\/securitybsides.com.br\/2026\/wp-json\/wp\/v2\/pages"}],"about":[{"href":"https:\/\/securitybsides.com.br\/2026\/wp-json\/wp\/v2\/types\/page"}],"author":[{"embeddable":true,"href":"https:\/\/securitybsides.com.br\/2026\/wp-json\/wp\/v2\/users\/1"}],"replies":[{"embeddable":true,"href":"https:\/\/securitybsides.com.br\/2026\/wp-json\/wp\/v2\/comments?post=685"}],"version-history":[{"count":42,"href":"https:\/\/securitybsides.com.br\/2026\/wp-json\/wp\/v2\/pages\/685\/revisions"}],"predecessor-version":[{"id":2222,"href":"https:\/\/securitybsides.com.br\/2026\/wp-json\/wp\/v2\/pages\/685\/revisions\/2222"}],"wp:attachment":[{"href":"https:\/\/securitybsides.com.br\/2026\/wp-json\/wp\/v2\/media?parent=685"}],"curies":[{"name":"wp","href":"https:\/\/api.w.org\/{rel}","templated":true}]}}